{"id":2947,"date":"2015-12-18T09:18:23","date_gmt":"2015-12-18T08:18:23","guid":{"rendered":"http:\/\/www.stellwerk-zukunft.de\/sz\/?page_id=2947"},"modified":"2023-08-08T12:05:20","modified_gmt":"2023-08-08T10:05:20","slug":"datenschutz","status":"publish","type":"page","link":"https:\/\/www.stellwerk-zukunft.de\/?page_id=2947","title":{"rendered":"Datenschutz"},"content":{"rendered":"<div class=\"wpb-content-wrapper\"><p>[vc_row][vc_column][vc_column_text]<\/p>\n<table style=\"border-collapse: collapse; border-style: none;\">\n<tbody>\n<tr>\n<td style=\"width: 100%;\"><\/td>\n<\/tr>\n<\/tbody>\n<\/table>\n<p>Wir nehmen den Schutz Ihrer pers\u00f6nlichen Daten sehr ernst und behandeln Ihre personenbezogenen Daten vertraulich und entsprechend der europ\u00e4ischen und bundesgesetzlichen Datenschutzvorschriften sowie dieser Datenschutzerkl\u00e4rung.<br \/>\nIn diesen Datenschutzinformationen informieren wir Sie \u00fcber die wichtigsten Aspekte der Datenverarbeitung im Rahmen unserer Website.<\/p>\n<p>&nbsp;<\/p>\n<p style=\"padding-left: 90px;\"><strong>Verantwortlicher gem. Art. 4 Abs. 7 DS-GVO <\/strong><br \/>\nStellwerk Zukunft gGmbH<br \/>\nFalkenrotter Str. 41, 49377 Vechta<br \/>\nTel.: 04441\/ 854385<br \/>\nFax: 04441\/ 854387<br \/>\nE-Mail: g&#102;&#x40;&#x73;&#x74;e&#108;&#108;&#x77;&#x65;r&#107;&#45;&#x7a;&#x75;ku&#110;&#x66;&#x74;&#x2e;d&#101;<\/p>\n<p>&nbsp;<\/p>\n<p style=\"padding-left: 90px;\"><strong>Datenschutzbeauftragte des Verantwortlichen<\/strong><br \/>\nSie erreichen unsere beauftragte Person unter<br \/>\nLSR IT-Beratung GmbH<br \/>\nBrockdorfer Esch 1 &#8211; 49393 Lohne<br \/>\nE-Mail: da&#116;&#101;&#x6e;&#x73;&#x63;&#x68;ut&#122;&#64;&#x73;&#x74;&#x65;&#x6c;lw&#101;&#114;&#107;&#x2d;&#x7a;&#x75;&#x6b;un&#102;&#116;&#x2e;&#x64;&#x65;<\/p>\n<p>&nbsp;<\/p>\n<p><span style=\"color: #f4a402;\"><strong>Erheben von Daten<\/strong><\/span><br \/>\nWir erheben und verarbeiten personenbezogene Daten nur, wenn diese f\u00fcr die Begr\u00fcndung und inhaltliche Ausgestaltung oder \u00c4nderung des Rechtsverh\u00e4ltnisses erforderlich sind (Bestandsdaten). Personenbezogene Daten \u00fcber die Inanspruchnahme unserer Internetseiten (Nutzungsdaten) erheben wir nicht.<\/p>\n<p>&nbsp;<\/p>\n<p><span style=\"color: #f4a402;\"><strong>Datenverarbeitung auf dieser Internetseite<\/strong><\/span><br \/>\nWir, bzw. unser Hostinganbieter (Strato AG) erheben und speichern automatisch Informationen in Log Files, die Ihr Browser automatisch an uns \u00fcbermittelt. Dies sind Browsertyp\/ Browserversion, verwendetes Betriebssystem, Referrer URL und Uhrzeit der Serveranfrage. Diese Daten k\u00f6nnen nicht bestimmten Personen zugeordnet werden.<br \/>\nEine Zusammenf\u00fchrung dieser Daten mit anderen Datenquellen wird nicht vorgenommen.<\/p>\n<p>Logfile-Informationen werden aus Sicherheitsgr\u00fcnden (z.B. zur Aufkl\u00e4rung von Missbrauchs- oder Betrugshandlungen) f\u00fcr die Dauer von maximal 7 Tagen gespeichert und danach gel\u00f6scht. Daten, deren weitere Aufbewahrung zu Beweiszwecken erforderlich ist, sind bis zur endg\u00fcltigen Kl\u00e4rung des jeweiligen Vorfalls von der L\u00f6schung ausgenommen.<\/p>\n<hr \/>\n<p style=\"padding-left: 30px;\"><span style=\"color: #c7bbbb;\"><em><span style=\"font-size: 10pt;\"><a style=\"color: #c7bbbb;\" href=\"https:\/\/www.strato.de\/datenschutz\/\"><strong>Datenschutzerkl\u00e4rung der Strato AG<\/strong><\/a><\/span><\/em><\/span><\/p>\n<p style=\"padding-left: 60px;\"><span style=\"color: #c7bbbb;\"><em><span style=\"font-size: 10pt;\">Auskunftsrecht<\/span><\/em><\/span><br \/>\n<span style=\"color: #c7bbbb;\"><em><span style=\"font-size: 10pt;\"> Sie haben jederzeit das Recht auf Auskunft \u00fcber die bez\u00fcglich Ihrer Person gespeicherten Daten, deren Herkunft und Empf\u00e4nger sowie den Zweck der Speicherung. Auskunft \u00fcber die gespeicherten Daten gibt der Datenschutzbeauftragte des Web-Hosters Strato AG:<\/span><\/em><\/span><br \/>\n<span style=\"color: #c7bbbb;\"><em><span style=\"font-size: 10pt;\"> Datenschutzbeauftragter<\/span><\/em><\/span><br \/>\n<span style=\"color: #c7bbbb;\"><em><span style=\"font-size: 10pt;\"> STRATO AG<\/span><\/em><\/span><br \/>\n<span style=\"color: #c7bbbb;\"><em><span style=\"font-size: 10pt;\"> Pascalstra\u00dfe 10<\/span><\/em><\/span><br \/>\n<span style=\"color: #c7bbbb;\"><em><span style=\"font-size: 10pt;\"> 10587 Berlin<\/span><\/em><\/span><br \/>\n<span style=\"color: #c7bbbb;\"><em><span style=\"font-size: 10pt;\"> &#x64;&#x61;&#116;e&#x6e;&#x73;&#x63;&#104;u&#x74;&#x7a;&#x40;&#115;t&#x72;&#x61;&#x74;&#111;&#46;&#x64;&#x65;<\/span><\/em><\/span><\/p>\n<hr \/>\n<p>&nbsp;<\/p>\n<p><span style=\"color: #f4a402;\"><strong>Nutzung von Cookies<\/strong><\/span><br \/>\nUnsere Internetseiten verwenden teilweise so genannte Cookies. Diese dienen dazu, unser Angebot nutzerfreundlicher, effektiver und sicherer zu machen. Cookies sind kleine Textdateien, die auf Ihrem Rechner abgelegt werden und die Ihr Browser speichert. Die meisten der von uns verwendeten Cookies sind so genannte \u201eSession-Cookies\u201c. Sie werden nach Ende Ihres Besuchs automatisch gel\u00f6scht. Cookies richten auf Ihrem Rechner keinen Schaden an und enthalten keine Viren.<\/p>\n<p>&nbsp;<\/p>\n<p><span style=\"color: #f4a402;\"><strong>Kontaktformular, E-Mail<\/strong><\/span><br \/>\nWenn Sie zu uns per Kontaktformular oder mittels der aufgef\u00fchrten E-Mail-Adresseb Kontakt zu uns aufnehmen, werden Ihre Angaben aus dem Anfrageformular zur Bearbeitung der Anfrage und f\u00fcr den Fall von Anschlussfragen bei uns gespeichert. Diese Daten geben wir nicht ohne Ihre Einwilligung weiter.<\/p>\n<p>&nbsp;<\/p>\n<p><span style=\"color: #f4a402;\"><strong>Kommentarfunktion auf dieser Webseite<\/strong><\/span><br \/>\nF\u00fcr die Kommentarfunktion auf dieser Seite werden neben Ihrem Kommentar auch Angaben zum Zeitpunkt der Erstellung des Kommentars, Ihre E-Mail-Adresse und, wenn Sie nicht anonym posten, der von Ihnen gew\u00e4hlte Nutzername gespeichert.<\/p>\n<p>&nbsp;<\/p>\n<p><strong><span style=\"color: #f4a402;\">Web-Analyse<\/span><\/strong><\/p>\n<p>Unsere Website verwendet keine Funktionen von Webanalysediensten.<\/p>\n<p>&nbsp;<\/p>\n<p><span style=\"color: #f4a402;\"><strong>Browser Plugin<\/strong><\/span><br \/>\nSie k\u00f6nnen die Speicherung der Cookies durch eine entsprechende Einstellung Ihrer BrowserSoftware verhindern; in diesem Fall haben sie unter Umst\u00e4nden nicht alle Funktionen dieser Website. Sie k\u00f6nnen dar\u00fcber hinaus die Erfassung der durch das Cookie erzeugten und auf Ihre Nutzung der Website bezogenen Daten (inkl. Ihrer IP-Adresse) an Google sowie die Verarbeitung dieser Daten durch Google verhindern, indem sie das unter dem folgenden Link verf\u00fcgbare BrowserPlugin herunterladen und installieren: https:\/\/tools.google.com\/dlpage\/gaoptout?hl=de<\/p>\n<p>&nbsp;<\/p>\n<p><strong><span style=\"color: #f4a402;\"> Widerspruchsrecht und Auskunftsrecht<\/span><\/strong><br \/>\nSie haben jederzeit das Recht auf kostenlose Auskunft \u00fcber Ihre bei uns gespeicherten personenbezogenen Daten, deren Herkunft und Empf\u00e4nger und den Zweck der Datenverarbeitung<br \/>\nsowie ein Recht auf Berichtigung, Sperrung oder L\u00f6schung dieser Daten. Ihnen steht des Weiteren ein Beschwerderecht bei der Aufsichtsbeh\u00f6rde zu<strong>.<\/strong><\/p>\n<p>Wenn Sie Fragen hierzu haben, die Ihnen diese Datenschutzerkl\u00e4rung nicht beantworten konnte, k\u00f6nnen Sie sich jederzeit an unseren Datenschutzbeauftragten wenden, unter der E-Mail-Adresse:<\/p>\n<p><a href=\"&#x6d;&#97;&#105;l&#x74;&#x6f;&#58;d&#x61;&#x74;&#101;n&#x73;&#x63;&#104;u&#x74;&#x7a;&#64;s&#x74;&#x65;&#108;l&#x77;&#x65;&#114;&#107;-&#x7a;&#x75;&#107;u&#x6e;&#x66;&#116;&#46;&#x64;&#x65;\" target=\"_blank\" rel=\"noopener\">&#x64;a&#x74;&#101;&#x6e;&#115;&#x63;&#x68;u&#x74;&#122;&#x40;&#115;&#x74;&#101;l&#x6c;&#119;&#x65;&#114;&#x6b;&#45;z&#x75;&#107;&#x75;&#110;&#x66;&#116;&#46;&#x64;e<\/a>[\/vc_column_text][\/vc_column][\/vc_row]<\/p>\n<\/div>","protected":false},"excerpt":{"rendered":"<p>[vc_row][vc_column][vc_column_text] Wir nehmen den Schutz Ihrer pers\u00f6nlichen Daten sehr ernst und behandeln Ihre personenbezogenen Daten vertraulich und entsprechend der europ\u00e4ischen und bundesgesetzlichen Datenschutzvorschriften sowie dieser Datenschutzerkl\u00e4rung. In diesen Datenschutzinformationen informieren wir Sie \u00fcber die wichtigsten Aspekte der Datenverarbeitung im Rahmen unserer Website. &nbsp; Verantwortlicher gem. Art. 4 Abs. 7 DS-GVO Stellwerk Zukunft gGmbH Falkenrotter Str. &#8230;<\/p>\n","protected":false},"author":3,"featured_media":0,"parent":0,"menu_order":0,"comment_status":"closed","ping_status":"closed","template":"","meta":{"footnotes":""},"class_list":["post-2947","page","type-page","status-publish","hentry"],"_links":{"self":[{"href":"https:\/\/www.stellwerk-zukunft.de\/index.php?rest_route=\/wp\/v2\/pages\/2947","targetHints":{"allow":["GET"]}}],"collection":[{"href":"https:\/\/www.stellwerk-zukunft.de\/index.php?rest_route=\/wp\/v2\/pages"}],"about":[{"href":"https:\/\/www.stellwerk-zukunft.de\/index.php?rest_route=\/wp\/v2\/types\/page"}],"author":[{"embeddable":true,"href":"https:\/\/www.stellwerk-zukunft.de\/index.php?rest_route=\/wp\/v2\/users\/3"}],"replies":[{"embeddable":true,"href":"https:\/\/www.stellwerk-zukunft.de\/index.php?rest_route=%2Fwp%2Fv2%2Fcomments&post=2947"}],"version-history":[{"count":78,"href":"https:\/\/www.stellwerk-zukunft.de\/index.php?rest_route=\/wp\/v2\/pages\/2947\/revisions"}],"predecessor-version":[{"id":6690,"href":"https:\/\/www.stellwerk-zukunft.de\/index.php?rest_route=\/wp\/v2\/pages\/2947\/revisions\/6690"}],"wp:attachment":[{"href":"https:\/\/www.stellwerk-zukunft.de\/index.php?rest_route=%2Fwp%2Fv2%2Fmedia&parent=2947"}],"curies":[{"name":"wp","href":"https:\/\/api.w.org\/{rel}","templated":true}]}}