{"id":3591,"date":"2017-06-01T11:55:01","date_gmt":"2017-06-01T09:55:01","guid":{"rendered":"http:\/\/www.stellwerk-zukunft.de\/?page_id=3591"},"modified":"2025-04-25T14:19:03","modified_gmt":"2025-04-25T12:19:03","slug":"jugend-und-schule-2","status":"publish","type":"page","link":"https:\/\/www.stellwerk-zukunft.de\/?page_id=3591","title":{"rendered":"Jugend und Schule"},"content":{"rendered":"<div class=\"wpb-content-wrapper\"><p>[vc_row][vc_column width=&#8220;2\/3&#8243;][vc_empty_space]<h2 style=\"color:#004b7a;\" class=\" title left\">Angebote nach Ma\u00df<\/h2>[vc_empty_space]<div class=\"nicdark_divider  left small \"><span style=\"background-color:#004b7a;\" class=\"nicdark_radius\"><\/span><\/div>[vc_empty_space][vc_column_text]Klassengemeinschaft, Selbstvertrauen, Grenzen, Toleranz sowie ein selbstbewusster Umgang mit Medien sind beispielhafte Themen f\u00fcr eint\u00e4gige oder mehrt\u00e4gige Klassenfahrt. In unseren thematischen Angeboten f\u00fcr Schulklassen aber auch andere Gruppen jeden Alters werden die Teilnehmer selbst aktiv, setzen sich mit sich und der Welt auseinander und bekommen die M\u00f6glichkeit zu erfahren, was es bedeutet<\/p>\n<ul>\n<li>akzeptiert zu werden,<\/li>\n<li>auf sich selbst zu vertrauen,<\/li>\n<li>ein wichtiger Teil der Gruppe zu sein.<\/li>\n<\/ul>\n<p>&nbsp;<\/p>\n<h3><span style=\"color: #004b7a;\">Vielf\u00e4ltige Erfahrungen k\u00f6nnen bewirken, dass jeder Einzelne sich und die Gruppe neu kennenlernt. Die Gruppe wird zeigen, was in ihr steckt. <\/span><\/h3>\n<p>&nbsp;<\/p>\n<p>Alle eint\u00e4gigen und mehrt\u00e4gigen Angebote besprechen wir gerne mit Ihnen individuell bzgl. Thema, Inhalt und Zeit. Dabei ist es uns wichtig, das Angebot passgenau auf die Bed\u00fcrfnisse und Besonderheiten Ihrer Gruppe abzustimmen. Neben der Organisation und Durchf\u00fchrung sorgen wir gerne f\u00fcr die Rahmenbedingungen, entsprechenden Materialien und gestalten eine themenbezogene Reflexionen.[\/vc_column_text][vc_empty_space height=&#8220;12px&#8220;][vc_row_inner][vc_column_inner width=&#8220;1\/4&#8243;][vc_icon icon_fontawesome=&#8220;fa fa-sign-out&#8220; size=&#8220;lg&#8220; align=&#8220;right&#8220; link=&#8220;url:http%3A%2F%2Fjfzduemmer.de%2Fprogrammangebote%2Fprogrammelemente||target:%20_blank|&#8220;][\/vc_column_inner][vc_column_inner width=&#8220;3\/4&#8243;][vc_column_text]Beispielhafte Angebote finden sie auch auf der Seite unseres Kooperationspartner \u201e<span style=\"color: #004b7a;\"><a style=\"color: #004b7a;\" href=\"http:\/\/jfzduemmer.de\/programmangebote\/programmelemente\" target=\"_blank\" rel=\"noopener noreferrer\">Jugend- und Freizeitzentrum am D\u00fcmmer<\/a><\/span>\u201c unter p\u00e4dagogische Angebote.[\/vc_column_text][\/vc_column_inner][\/vc_row_inner][vc_column_text]<a href=\"http:\/\/www.stellwerk-zukunft.de\/wp-content\/uploads\/2017\/06\/Fotolia_75203534-klein.jpg\"><img loading=\"lazy\" decoding=\"async\" class=\"size-medium wp-image-3612 aligncenter\" src=\"http:\/\/www.stellwerk-zukunft.de\/wp-content\/uploads\/2017\/06\/Fotolia_75203534-klein-300x200.jpg\" alt=\"\" width=\"300\" height=\"200\" srcset=\"https:\/\/www.stellwerk-zukunft.de\/wp-content\/uploads\/2017\/06\/Fotolia_75203534-klein-300x200.jpg 300w, https:\/\/www.stellwerk-zukunft.de\/wp-content\/uploads\/2017\/06\/Fotolia_75203534-klein-768x513.jpg 768w, https:\/\/www.stellwerk-zukunft.de\/wp-content\/uploads\/2017\/06\/Fotolia_75203534-klein-1024x684.jpg 1024w, https:\/\/www.stellwerk-zukunft.de\/wp-content\/uploads\/2017\/06\/Fotolia_75203534-klein-1180x788.jpg 1180w\" sizes=\"auto, (max-width: 300px) 100vw, 300px\" \/><\/a><\/p>\n<p>&nbsp;<\/p>\n<p>Unser Wissen und unsere Methoden sind keine Firmengeheimnisse. Vielmehr liegt es in unserem Interesse, Arbeits- und Denkweisen an interessierte Menschen weiterzugeben. Denn wir sind als moderne Dienstleister nur genau die Zeit vor Ort, in der wir gebraucht werden. Fortbildungsveranstaltungen helfen, von uns angeschobene Prozesse erfolgreich selbst weiter zu f\u00fchren.<\/p>\n<p>&nbsp;<\/p>\n<p>Wenn Gruppen, Institutionen oder Kommunen an von uns entwickelten Konzepten und Ideen interessiert sind, informieren und bilden wir diese aus &#8211; egal, ob zu Themen der Hilfe zur Erziehung, im spiel- oder erlebnisp\u00e4dagogischen Bereich oder zu Methoden der Partizipation und Moderation. Alle Fortbildungen und Seminare bieten wir auf Anfrage entweder als Inhouse-Seminare bei Ihnen im Ort \/ in der Einrichtung an oder wir organisieren auch den Aufenthalt in einem Seminarhaus nach Absprache \u2013 ganz wie sie es w\u00fcnschen, auf jeden Fall aber als \u201eMa\u00dfanzug\u201c f\u00fcr Ihre ganz speziellen Bed\u00fcrfnisse. Au\u00dferdem verweisen wir jeweils aktuell auf unserer Homepage unter Neuigkeiten auf offene Fortbildungen, die wir f\u00fcr verschiedene Bildungstr\u00e4ger durchf\u00fchren und zu denen sich auch Einzelpersonen anmelden k\u00f6nnen.[\/vc_column_text][vc_empty_space height=&#8220;12px&#8220;][\/vc_column][vc_column width=&#8220;1\/3&#8243;][vc_empty_space][vc_column_text]<\/p>\n<h3>Wir planen mit Ihnen:<\/h3>\n<p>[\/vc_column_text][vc_empty_space height=&#8220;12px&#8220;][vc_row_inner][vc_column_inner][\/vc_column_inner][\/vc_row_inner][vc_empty_space height=&#8220;12px&#8220;]\n\n\n   <div class=\" nicdark_archive1 nicdark_bg_blue nicdark_radius nicdark_shadow\">\n\n        <div class=\"nicdark_textevidence nicdark_width_percentage40 nicdark_width100_responsive\">\n            <img decoding=\"async\" alt=\"\" class=\"nicdark_radius_left nicdark_opacity\" src=\"https:\/\/www.stellwerk-zukunft.de\/wp-content\/uploads\/2015\/12\/Bernd_Buecker-1-350px.jpg\">\n        <\/div>\n        \n        <div class=\"nicdark_textevidence nicdark_width_percentage60 nicdark_width100_responsive\">\n            <div class=\"nicdark_margin20\">\n            \n                <h4 class=\"white\">Bernd B\u00fccker<\/h4>                        \n                <div class=\"nicdark_space20\"><\/div>\n                <div class=\"nicdark_divider left small\"><span class=\"nicdark_bg_white nicdark_radius\"><\/span><\/div>\n                <div class=\"nicdark_space20\"><\/div>\n                <p class=\"white\">Erzieher<br \/>\nSoz. Arb.\/Soz. P\u00e4d. (i.A.)<br \/>\nTrainer f\u00fcr temp. Seilaufbauten<\/p>\n                <div class=\"nicdark_space20\"><\/div>\n                \n\n            <\/div>\n        <\/div>\n\n        \n\n    <\/div>\n\n   [vc_row_inner][vc_column_inner][vc_icon icon_fontawesome=&#8220;fa fa-envelope&#8220; color=&#8220;custom&#8220; size=&#8220;sm&#8220; align=&#8220;center&#8220; custom_color=&#8220;#004b7a&#8220; link=&#8220;url:mailto%3Abuecker%40stellwerk-zukunft.de|title:e-Mail%20an%20Bernd%20B%C3%BCcker||&#8220;][\/vc_column_inner][\/vc_row_inner]\n\n\n   <div class=\" nicdark_archive1 nicdark_bg_blue nicdark_radius nicdark_shadow\">\n\n        <div class=\"nicdark_textevidence nicdark_width_percentage40 nicdark_width100_responsive\">\n            <img decoding=\"async\" alt=\"\" class=\"nicdark_radius_left nicdark_opacity\" src=\"https:\/\/www.stellwerk-zukunft.de\/wp-content\/uploads\/2017\/06\/silhouette-female.jpg\">\n        <\/div>\n        \n        <div class=\"nicdark_textevidence nicdark_width_percentage60 nicdark_width100_responsive\">\n            <div class=\"nicdark_margin20\">\n            \n                <h4 class=\"white\">Eva-Marie Schonh\u00f6ft<\/h4>                        \n                <div class=\"nicdark_space20\"><\/div>\n                <div class=\"nicdark_divider left small\"><span class=\"nicdark_bg_white nicdark_radius\"><\/span><\/div>\n                <div class=\"nicdark_space20\"><\/div>\n                <p class=\"white\">Diplom P\u00e4dagogin<\/p>\n                <div class=\"nicdark_space20\"><\/div>\n                \n\n            <\/div>\n        <\/div>\n\n        \n\n    <\/div>\n\n   [vc_icon type=&#8220;entypo&#8220; icon_entypo=&#8220;entypo-icon entypo-icon-mail&#8220; color=&#8220;custom&#8220; size=&#8220;sm&#8220; align=&#8220;center&#8220; custom_color=&#8220;#004b7a&#8220; link=&#8220;url:mailto%3Aschonhoeft%40stellwerk-zukunft.de|title:e-Mail%20an%20Eva-Marie%20Schonh%C3%B6ft||&#8220;]\n\n\n   <div class=\" nicdark_archive1 nicdark_bg_blue nicdark_radius nicdark_shadow\">\n\n        <div class=\"nicdark_textevidence nicdark_width_percentage40 nicdark_width100_responsive\">\n            <img decoding=\"async\" alt=\"\" class=\"nicdark_radius_left nicdark_opacity\" src=\"https:\/\/www.stellwerk-zukunft.de\/wp-content\/uploads\/2015\/12\/Uwe_Helmes-1-350px.jpg\">\n        <\/div>\n        \n        <div class=\"nicdark_textevidence nicdark_width_percentage60 nicdark_width100_responsive\">\n            <div class=\"nicdark_margin20\">\n            \n                <h4 class=\"white\">Uwe Helmes<\/h4>                        \n                <div class=\"nicdark_space20\"><\/div>\n                <div class=\"nicdark_divider left small\"><span class=\"nicdark_bg_white nicdark_radius\"><\/span><\/div>\n                <div class=\"nicdark_space20\"><\/div>\n                <p class=\"white\">Dipl. Soz. P\u00e4d.\/Soz. Arb.<br \/>\nModerator und Trainer zur Qualifizierung von MultiplikatorInnen f\u00fcr Beteiligungsprozesse (DKHW)<\/p>\n                <div class=\"nicdark_space20\"><\/div>\n                \n\n            <\/div>\n        <\/div>\n\n        \n\n    <\/div>\n\n   [vc_row_inner][vc_column_inner width=&#8220;1\/2&#8243;][vc_icon icon_fontawesome=&#8220;fas fa-envelope&#8220; color=&#8220;custom&#8220; size=&#8220;sm&#8220; align=&#8220;center&#8220; custom_color=&#8220;#004b7a&#8220; link=&#8220;url:https%3A%2F%2Fwww.stellwerk-zukunft.de%2F%3Fpage_id%3D211|title:Infos%20zu%20Uwe%20Helmes|target:%20_blank|&#8220;][\/vc_column_inner][vc_column_inner width=&#8220;1\/2&#8243;][vc_icon icon_fontawesome=&#8220;fa fa-info-circle&#8220; color=&#8220;custom&#8220; size=&#8220;sm&#8220; align=&#8220;center&#8220; custom_color=&#8220;#004b7a&#8220; link=&#8220;url:mailto%3Au.helmes%40stellwerk-zukunft.de|title:e-mail%20an%20Uwe%20Helmes||&#8220;][\/vc_column_inner][\/vc_row_inner]\n\n\n   <div class=\" nicdark_archive1 nicdark_bg_blue nicdark_radius nicdark_shadow\">\n\n        <div class=\"nicdark_textevidence nicdark_width_percentage40 nicdark_width100_responsive\">\n            <img decoding=\"async\" alt=\"\" class=\"nicdark_radius_left nicdark_opacity\" src=\"https:\/\/www.stellwerk-zukunft.de\/wp-content\/uploads\/2023\/09\/Tim.jpg\">\n        <\/div>\n        \n        <div class=\"nicdark_textevidence nicdark_width_percentage60 nicdark_width100_responsive\">\n            <div class=\"nicdark_margin20\">\n            \n                <h4 class=\"white\">Tim Hohnhorst<\/h4>                        \n                <div class=\"nicdark_space20\"><\/div>\n                <div class=\"nicdark_divider left small\"><span class=\"nicdark_bg_white nicdark_radius\"><\/span><\/div>\n                <div class=\"nicdark_space20\"><\/div>\n                <p class=\"white\">Erzieher<\/p>\n                <div class=\"nicdark_space20\"><\/div>\n                \n\n            <\/div>\n        <\/div>\n\n        \n\n    <\/div>\n\n   [vc_row_inner][vc_column_inner][vc_icon icon_fontawesome=&#8220;fas fa-envelope&#8220; color=&#8220;custom&#8220; size=&#8220;sm&#8220; align=&#8220;center&#8220; custom_color=&#8220;#004b7a&#8220; link=&#8220;url:mailto%3Ahohnhorst%40stellwerk-zukunft.de|title:e-Mail%20an%20Tim%20Hohnhorst&#8220;][\/vc_column_inner][\/vc_row_inner]\n\n\n   <div class=\" nicdark_archive1 nicdark_bg_blue nicdark_radius nicdark_shadow\">\n\n        <div class=\"nicdark_textevidence nicdark_width_percentage40 nicdark_width100_responsive\">\n            <img decoding=\"async\" alt=\"\" class=\"nicdark_radius_left nicdark_opacity\" src=\"https:\/\/www.stellwerk-zukunft.de\/wp-content\/uploads\/2017\/06\/silhouette-female.jpg\">\n        <\/div>\n        \n        <div class=\"nicdark_textevidence nicdark_width_percentage60 nicdark_width100_responsive\">\n            <div class=\"nicdark_margin20\">\n            \n                <h4 class=\"white\">Lorena Lange<\/h4>                        \n                <div class=\"nicdark_space20\"><\/div>\n                <div class=\"nicdark_divider left small\"><span class=\"nicdark_bg_white nicdark_radius\"><\/span><\/div>\n                <div class=\"nicdark_space20\"><\/div>\n                <p class=\"white\">P\u00e4dagogin (B.A.)<br \/>\nErziehungs- und Bildungswissenschaftlerin i.A. (M.A.)<\/p>\n                <div class=\"nicdark_space20\"><\/div>\n                \n\n            <\/div>\n        <\/div>\n\n        \n\n    <\/div>\n\n   [vc_row_inner][vc_column_inner][vc_icon icon_fontawesome=&#8220;fas fa-envelope&#8220; color=&#8220;custom&#8220; size=&#8220;sm&#8220; align=&#8220;center&#8220; custom_color=&#8220;#004b7a&#8220; link=&#8220;url:mailto%3Ahohnhorst%40stellwerk-zukunft.de|title:e-Mail%20an%20Tim%20Hohnhorst&#8220;][\/vc_column_inner][\/vc_row_inner]\n\n\n   <div class=\" nicdark_archive1 nicdark_bg_blue nicdark_radius nicdark_shadow\">\n\n        <div class=\"nicdark_textevidence nicdark_width_percentage40 nicdark_width100_responsive\">\n            <img decoding=\"async\" alt=\"\" class=\"nicdark_radius_left nicdark_opacity\" src=\"https:\/\/www.stellwerk-zukunft.de\/wp-content\/uploads\/2017\/06\/silhouette-female.jpg\">\n        <\/div>\n        \n        <div class=\"nicdark_textevidence nicdark_width_percentage60 nicdark_width100_responsive\">\n            <div class=\"nicdark_margin20\">\n            \n                <h4 class=\"white\">Madita Kamphaus<\/h4>                        \n                <div class=\"nicdark_space20\"><\/div>\n                <div class=\"nicdark_divider left small\"><span class=\"nicdark_bg_white nicdark_radius\"><\/span><\/div>\n                <div class=\"nicdark_space20\"><\/div>\n                <p class=\"white\">Sozialarbeiterin (B.A.) <\/p>\n                <div class=\"nicdark_space20\"><\/div>\n                \n\n            <\/div>\n        <\/div>\n\n        \n\n    <\/div>\n\n   [vc_row_inner][vc_column_inner][vc_icon icon_fontawesome=&#8220;fas fa-envelope&#8220; color=&#8220;custom&#8220; size=&#8220;sm&#8220; align=&#8220;center&#8220; css=&#8220;&#8220; custom_color=&#8220;#004b7a&#8220; link=&#8220;url:mailto%3Akamphaus%40stellwerk-zukunft.de|title:e-Mail%20an%20Madita%20Kamphaus&#8220;][\/vc_column_inner][\/vc_row_inner][vc_empty_space height=&#8220;48px&#8220;]<div class=\"nicdark_divider  left small \"><span style=\"background-color:#004b7a;\" class=\"nicdark_radius\"><\/span><\/div>[vc_empty_space height=&#8220;48px&#8220;][vc_column_text css=&#8220;&#8220;][\/vc_column_text][vc_empty_space height=&#8220;48px&#8220;][vc_empty_space height=&#8220;24px&#8220;][\/vc_column][vc_column]<h2 style=\"color:#004b7a;\" class=\" title left\">Spezielle Angebote im Bereich Jugend und Schule:<\/h2>[vc_empty_space]<div class=\"nicdark_divider  left small \"><span style=\"background-color:#004b7a;\" class=\"nicdark_radius\"><\/span><\/div>[vc_empty_space height=&#8220;12px&#8220;][\/vc_column][\/vc_row][vc_row imgparallax=&#8220;yes&#8220; srcparallax=&#8220;2925&#8243; css=&#8220;.vc_custom_1561023068063{padding-top: 40px !important;padding-bottom: 40px !important;background: #004b7a url(http:\/\/www.stellwerk-zukunft.de\/wp-content\/uploads\/2015\/12\/1920&#215;1280-1180&#215;787-mod.jpg?id=2925) !important;background-position: center !important;background-repeat: no-repeat !important;background-size: cover !important;}&#8220;][vc_column width=&#8220;1\/4&#8243;][vc_btn title=&#8220;Klassenfahrten an den D\u00fcmmer&#8220; style=&#8220;3d&#8220; color=&#8220;default&#8220; link=&#8220;|||&#8220;][vc_btn title=&#8220;M\u00e4dchen-\/ Jungengruppe&#8220; style=&#8220;3d&#8220; color=&#8220;default&#8220; link=&#8220;|||&#8220;][\/vc_column][vc_column width=&#8220;1\/4&#8243;][vc_btn title=&#8220;Moderation und Veranstaltungen&#8220; style=&#8220;3d&#8220; color=&#8220;default&#8220; link=&#8220;|||&#8220;][vc_btn title=&#8220;Sozialer Trainingskurs (JGH)&#8220; style=&#8220;3d&#8220; color=&#8220;default&#8220; link=&#8220;|||&#8220;][\/vc_column][vc_column width=&#8220;1\/4&#8243;][vc_btn title=&#8220;Partizipation und Jugendarbeit&#8220; style=&#8220;3d&#8220; color=&#8220;default&#8220; link=&#8220;|||&#8220;][vc_btn title=&#8220;Fachberatung und Fortbildung&#8220; style=&#8220;3d&#8220; color=&#8220;default&#8220; link=&#8220;|||&#8220;][\/vc_column][vc_column width=&#8220;1\/4&#8243;][vc_btn title=&#8220;Soziales Kompetenztraining &amp; Kurse&#8220; style=&#8220;3d&#8220; color=&#8220;default&#8220; link=&#8220;|||&#8220;][\/vc_column][\/vc_row][vc_row][vc_column][vc_column_text]<\/p>\n<p>[\/vc_column_text][\/vc_column][\/vc_row][vc_row][vc_column][vc_column_text]<\/p>\n<p>&nbsp;<\/p>\n<p>[\/vc_column_text][\/vc_column][\/vc_row][vc_row][vc_column][vc_column_text]<\/p>\n<p>[\/vc_column_text][\/vc_column][\/vc_row][vc_row][vc_column][vc_column_text]<\/p>\n<p>[\/vc_column_text][\/vc_column][\/vc_row][vc_row][vc_column][vc_column_text]<\/p>\n<p>&nbsp;<\/p>\n<p>[\/vc_column_text][\/vc_column][\/vc_row]<\/p>\n<\/div>","protected":false},"excerpt":{"rendered":"<p>[vc_row][vc_column width=&#8220;2\/3&#8243;][vc_empty_space][vc_empty_space][vc_empty_space][vc_column_text]Klassengemeinschaft, Selbstvertrauen, Grenzen, Toleranz sowie ein selbstbewusster Umgang mit Medien sind beispielhafte Themen f\u00fcr eint\u00e4gige oder mehrt\u00e4gige Klassenfahrt. In unseren thematischen Angeboten f\u00fcr Schulklassen aber auch andere Gruppen jeden Alters werden die Teilnehmer selbst aktiv, setzen sich mit sich und der Welt auseinander und bekommen die M\u00f6glichkeit zu erfahren, was es bedeutet akzeptiert zu &#8230;<\/p>\n","protected":false},"author":2,"featured_media":0,"parent":0,"menu_order":0,"comment_status":"closed","ping_status":"closed","template":"","meta":{"footnotes":""},"class_list":["post-3591","page","type-page","status-publish","hentry"],"_links":{"self":[{"href":"https:\/\/www.stellwerk-zukunft.de\/index.php?rest_route=\/wp\/v2\/pages\/3591","targetHints":{"allow":["GET"]}}],"collection":[{"href":"https:\/\/www.stellwerk-zukunft.de\/index.php?rest_route=\/wp\/v2\/pages"}],"about":[{"href":"https:\/\/www.stellwerk-zukunft.de\/index.php?rest_route=\/wp\/v2\/types\/page"}],"author":[{"embeddable":true,"href":"https:\/\/www.stellwerk-zukunft.de\/index.php?rest_route=\/wp\/v2\/users\/2"}],"replies":[{"embeddable":true,"href":"https:\/\/www.stellwerk-zukunft.de\/index.php?rest_route=%2Fwp%2Fv2%2Fcomments&post=3591"}],"version-history":[{"count":36,"href":"https:\/\/www.stellwerk-zukunft.de\/index.php?rest_route=\/wp\/v2\/pages\/3591\/revisions"}],"predecessor-version":[{"id":6800,"href":"https:\/\/www.stellwerk-zukunft.de\/index.php?rest_route=\/wp\/v2\/pages\/3591\/revisions\/6800"}],"wp:attachment":[{"href":"https:\/\/www.stellwerk-zukunft.de\/index.php?rest_route=%2Fwp%2Fv2%2Fmedia&parent=3591"}],"curies":[{"name":"wp","href":"https:\/\/api.w.org\/{rel}","templated":true}]}}