{"id":3885,"date":"2019-04-19T14:10:45","date_gmt":"2019-04-19T12:10:45","guid":{"rendered":"https:\/\/www.stellwerk-zukunft.de\/?page_id=3885"},"modified":"2019-11-06T17:35:04","modified_gmt":"2019-11-06T16:35:04","slug":"manuela-droege-2-2-2","status":"publish","type":"page","link":"https:\/\/www.stellwerk-zukunft.de\/?page_id=3885","title":{"rendered":"Anna Oevermann"},"content":{"rendered":"<div class=\"wpb-content-wrapper\"><p>[vc_row][vc_column][vc_empty_space][\/vc_column][\/vc_row][vc_row css=&#8220;.vc_custom_1422897311950{margin-top: 60px !important;}&#8220; idsection=&#8220;intro-row-single-teacher&#8220;][vc_column width=&#8220;1\/6&#8243; el_class=&#8220;nicdark_center&#8220; css=&#8220;.vc_custom_1462626907798{margin-bottom: 20px !important;}&#8220;][vc_single_image image=&#8220;4406&#8243; img_size=&#8220;full&#8220; el_class=&#8220;nicdark_radius&#8220;][vc_empty_space height=&#8220;20px&#8220;][vc_btn title=&#8220;&#8220; color=&#8220;warning&#8220; i_icon_fontawesome=&#8220;fa fa-envelope-open&#8220; add_icon=&#8220;true&#8220; link=&#8220;url:mailto%3Aoevermann%40stellwerk-zukunft.de|||&#8220; el_class=&#8220;nicdark_margin10&#8243;][\/vc_column][vc_column width=&#8220;3\/6&#8243; css=&#8220;.vc_custom_1422897532916{margin-bottom: 20px !important;}&#8220;]<h3 style=\"color:;\" class=\" subtitle left\">ANNA OEVERMANN<\/h3>[vc_empty_space height=&#8220;20px&#8220;]<div class=\"nicdark_divider  left small \"><span style=\"background-color:#f79c00;\" class=\"nicdark_radius\"><\/span><\/div>[vc_empty_space height=&#8220;20px&#8220;][vc_column_text]Anna arbeitet hauptberuflich bei Stellwerk Zukunft in den Familien aber auch in verschiedenen Gruppenangeboten. Sie interessiert sich f\u00fcr das Leben und die Geschichten der Menschen und freut sich, dar\u00fcber, Menschen bzw. Familien eine Wegstrecke ihres Lebens unterst\u00fctzen und begleiten zu d\u00fcrfen.<\/p>\n<p>\u201eDenn mehrere Augen sehen mehr als \u201enur\u201c die zwei eigenen.\u201c<\/p>\n<p>Dabei ist es ihr wichtig offen und ehrlich zu sein, damit die gro\u00dfen und kleinen Menschen sp\u00fcren, dass sie ihr vertrauen k\u00f6nnen.[\/vc_column_text][vc_empty_space height=&#8220;20px&#8220;]<div class=\"nicdark_divider  left small \"><span style=\"background-color:#f79c00;\" class=\"nicdark_radius\"><\/span><\/div>[vc_empty_space height=&#8220;20px&#8220;][vc_tta_accordion color=&#8220;orange&#8220; spacing=&#8220;2&#8243; active_section=&#8220;6&#8243; collapsible_all=&#8220;true&#8220;][vc_tta_section title=&#8220;Ausbildung&#8220; tab_id=&#8220;1450186634545-df34edcd-b55c&#8220;][vc_column_text]<strong>Bankkauffrau<\/strong><br \/>\n<strong>Diplomp\u00e4dagogin<\/strong>[\/vc_column_text][\/vc_tta_section][vc_tta_section title=&#8220;berufl. Werdegang&#8220; tab_id=&#8220;1450186928224-f956debd-e54b&#8220;][vc_column_text]<\/p>\n<ul>\n<li>1979-1981<br \/>\nBankkauffrau Raiffeisenbank Alfhausen<\/li>\n<li>1982-1983<br \/>\nBankkauffrau Volksbank Wallenhorst<\/li>\n<li>1983-1985<br \/>\nBankkuaffrau Sparkasse der Stadt Berlin West<\/li>\n<li>1989-1997<br \/>\nAushilfst\u00e4tigkeiten in der Gastronomie zur Finanzierung des Studiums<\/li>\n<li>1997-1999<br \/>\nSelbstst\u00e4ndig: Leitung einer Diskothek in F\u00fcrstenau<\/li>\n<li>1998<br \/>\nKinderhof Merzen: Betreuung von verhaltensauff\u00e4lligen Kindern und Jugendlichen<\/li>\n<li>1999<br \/>\nSchule f\u00fcr Physiotherapie, Quakenbr\u00fcck: Lehrauftrag im Fach P\u00e4dagogik (Honorarkraft)<\/li>\n<li>1999-2000<br \/>\nMalteser Schulungsst\u00e4tte Lohne: Aus- und Weiterbildung von Zivildienstleistenden im Bereich \u201esoziale Dienste\u201c (Honorarkraft)<\/li>\n<li>1998-2001<br \/>\nWohnheim Quadenort, Bersenbr\u00fcck: Betreuung von geistig und k\u00f6rperlich Behinderten Menschen<\/li>\n<li>1990-2002<br \/>\nHeimstatt Clemens August, Neuenkirchen: Betreuung von 12 erwachsenen Autisten\/innen<\/li>\n<li>2001-2002<br \/>\nVerein f\u00fcr Jugendhilfe, Quakenbr\u00fcck: Projekt \u201eArbeiten und Lernen\u201c, sozialp\u00e4dagogische Betreuerin und Lehrt\u00e4tigkeit<\/li>\n<li>2002-2006<br \/>\n\u201aGulfhaus\u2019 &#8211; Haus der Jugend GmbH, Vechta: P\u00e4dagogin in der offenen Kinder und Jugendarbeit, im Veranstaltungsbereich<\/li>\n<li>2006-2007<br \/>\nLWL-Jugendheim Tecklenburg: Betreuung einer Wohngruppe am Standort Ibbenb\u00fcren<\/li>\n<li>2008<br \/>\nCaritasverband f\u00fcr die Di\u00f6zese Osnabr\u00fcck, Bersenbr\u00fcck: ambulante Wohnungslosenhilfe, allgemeine soziale Beratung<\/li>\n<li>2008-2009<br \/>\nSuchtberatungsstelle Vechta: Beratung und Co-Therapeutin (Elternzeitvertretung)<\/li>\n<li>2009-2010<br \/>\nFachstelle f\u00fcr Pr\u00e4vention und Suchtberatung Bramsche: Beratung und Pr\u00e4vention (Schwangerschaftsvertretung)<\/li>\n<li>seit 2011<br \/>\nStellwerk-Zukunft, Vechta<\/li>\n<\/ul>\n<p>[\/vc_column_text][\/vc_tta_section][vc_tta_section title=&#8220;Zusatzqualifikationen&#8220; tab_id=&#8220;1555672717694-7c2c1628-4141&#8243;][vc_column_text]&#8220;Grenzen setzen ohne auszugrenzen&#8220; &#8211; Drogenkonsum in Jugendwerkst\u00e4tten<\/p>\n<p>&#8222;Handlungsstrategien im Umgang mit drogenabh\u00e4ngigen Jugendlichen in der Jugend- und Jugendsozialarbeit&#8220;<\/p>\n<p>&#8222;knocking on heavens door&#8220; Klettern<\/p>\n<p>&#8222;Wenn Frauen mit Jungen arbeiten &#8211; eine herausfordernde Beziehung&#8220;<\/p>\n<p>&#8222;(Trend-) Sport als Mittel der Sozialen Arbeit&#8220;<\/p>\n<p><strong>Gesellschaft zur F\u00f6rderung der Erlebnisp\u00e4dagogik e.V. &#8211; erlebnisp\u00e4dagogisches Praktikum mit Abschlusspr\u00fcfung<\/strong><\/p>\n<p>Auslandsaufenthalt in Kanada &#8211; Erkundung p\u00e4dagogischer Projekte, Vertiefung der englischen Sprachkenntnisse<\/p>\n<p><strong>Psychologische Beraterin<\/strong><\/p>\n<p>&#8222;Gr\u00fcndungswerkstatt&#8220;, BUS Osnabr\u00fcck<\/p>\n<p>&#8222;Recht der Wohnungslosenhilfe&#8220; Grundlagen des Sozialrechts, besonders SGB II und SGB XII<\/p>\n<p>\u201eMotivational Interviewing &#8211; Motivierende Gespr\u00e4chsf\u00fchrung\u201c<\/p>\n<p>&#8222;Trauma und Sucht&#8220;<\/p>\n<p><strong>Systemische Familien-\/Sozialtherapie<\/strong><\/p>\n<p><strong>Coach f\u00fcr Neue Autorit\u00e4t<\/strong><\/p>\n<p><strong>\u00a0<\/strong>[\/vc_column_text][\/vc_tta_section][\/vc_tta_accordion][\/vc_column][vc_column width=&#8220;1\/3&#8243; css=&#8220;.vc_custom_1422897539084{margin-bottom: 20px !important;}&#8220;]<h3 style=\"color:;\" class=\" subtitle left\">AKTUELLES LIEBLINGS-PROJEKT<\/h3>[vc_empty_space height=&#8220;20px&#8220;]<div class=\"nicdark_divider  left small \"><span style=\"background-color:#f49f00;\" class=\"nicdark_radius\"><\/span><\/div>[vc_empty_space height=&#8220;20px&#8220;][vc_single_image image=&#8220;3893&#8243; img_size=&#8220;full&#8220;][\/vc_column][\/vc_row][vc_row imgparallax=&#8220;yes&#8220; srcparallax=&#8220;2615&#8243; idparallax=&#8220;teacherparal&#8220; css=&#8220;.vc_custom_1450188577002{margin-top: 20px !important;margin-bottom: 0px !important;}&#8220; idsection=&#8220;signature-row-single-teacher&#8220;][vc_column css=&#8220;.vc_custom_1421224569819{margin-top: 100px !important;margin-bottom: 100px !important;}&#8220;]<h2 style=\"color:#ffffff;\" class=\" subtitle center\">aktuelles Lieblingszitat:<\/h2>[vc_empty_space height=&#8220;20px&#8220;]<div class=\"nicdark_divider  center big \"><span style=\"background-color:#ffffff;\" class=\"nicdark_radius\"><\/span><\/div>[vc_empty_space height=&#8220;30px&#8220;][vc_single_image image=&#8220;4566&#8243; img_size=&#8220;full&#8220; alignment=&#8220;center&#8220;][\/vc_column][\/vc_row]<\/p>\n<\/div>","protected":false},"excerpt":{"rendered":"<p>[vc_row][vc_column][vc_empty_space][\/vc_column][\/vc_row][vc_row css=&#8220;.vc_custom_1422897311950{margin-top: 60px !important;}&#8220; idsection=&#8220;intro-row-single-teacher&#8220;][vc_column width=&#8220;1\/6&#8243; el_class=&#8220;nicdark_center&#8220; css=&#8220;.vc_custom_1462626907798{margin-bottom: 20px !important;}&#8220;][vc_single_image image=&#8220;4406&#8243; img_size=&#8220;full&#8220; el_class=&#8220;nicdark_radius&#8220;][vc_empty_space height=&#8220;20px&#8220;][vc_btn title=&#8220;&#8220; color=&#8220;warning&#8220; i_icon_fontawesome=&#8220;fa fa-envelope-open&#8220; add_icon=&#8220;true&#8220; link=&#8220;url:mailto%3Aoevermann%40stellwerk-zukunft.de|||&#8220; el_class=&#8220;nicdark_margin10&#8243;][\/vc_column][vc_column width=&#8220;3\/6&#8243; css=&#8220;.vc_custom_1422897532916{margin-bottom: 20px !important;}&#8220;][vc_empty_space height=&#8220;20px&#8220;][vc_empty_space height=&#8220;20px&#8220;][vc_column_text]Anna arbeitet hauptberuflich bei Stellwerk Zukunft in den Familien aber auch in verschiedenen Gruppenangeboten. Sie interessiert sich f\u00fcr das Leben und die Geschichten der Menschen und freut sich, dar\u00fcber, &#8230;<\/p>\n","protected":false},"author":2,"featured_media":0,"parent":0,"menu_order":0,"comment_status":"open","ping_status":"closed","template":"","meta":{"footnotes":""},"class_list":["post-3885","page","type-page","status-publish","hentry"],"_links":{"self":[{"href":"https:\/\/www.stellwerk-zukunft.de\/index.php?rest_route=\/wp\/v2\/pages\/3885","targetHints":{"allow":["GET"]}}],"collection":[{"href":"https:\/\/www.stellwerk-zukunft.de\/index.php?rest_route=\/wp\/v2\/pages"}],"about":[{"href":"https:\/\/www.stellwerk-zukunft.de\/index.php?rest_route=\/wp\/v2\/types\/page"}],"author":[{"embeddable":true,"href":"https:\/\/www.stellwerk-zukunft.de\/index.php?rest_route=\/wp\/v2\/users\/2"}],"replies":[{"embeddable":true,"href":"https:\/\/www.stellwerk-zukunft.de\/index.php?rest_route=%2Fwp%2Fv2%2Fcomments&post=3885"}],"version-history":[{"count":8,"href":"https:\/\/www.stellwerk-zukunft.de\/index.php?rest_route=\/wp\/v2\/pages\/3885\/revisions"}],"predecessor-version":[{"id":4567,"href":"https:\/\/www.stellwerk-zukunft.de\/index.php?rest_route=\/wp\/v2\/pages\/3885\/revisions\/4567"}],"wp:attachment":[{"href":"https:\/\/www.stellwerk-zukunft.de\/index.php?rest_route=%2Fwp%2Fv2%2Fmedia&parent=3885"}],"curies":[{"name":"wp","href":"https:\/\/api.w.org\/{rel}","templated":true}]}}