{"id":3913,"date":"2019-04-19T15:32:24","date_gmt":"2019-04-19T13:32:24","guid":{"rendered":"https:\/\/www.stellwerk-zukunft.de\/?page_id=3913"},"modified":"2019-10-17T14:01:03","modified_gmt":"2019-10-17T12:01:03","slug":"manuela-droege-2-4","status":"publish","type":"page","link":"https:\/\/www.stellwerk-zukunft.de\/?page_id=3913","title":{"rendered":"Martina Helmes"},"content":{"rendered":"<div class=\"wpb-content-wrapper\"><p>[vc_row][vc_column][vc_empty_space][\/vc_column][\/vc_row][vc_row css=&#8220;.vc_custom_1422897311950{margin-top: 60px !important;}&#8220; idsection=&#8220;intro-row-single-teacher&#8220;][vc_column width=&#8220;1\/6&#8243; el_class=&#8220;nicdark_center&#8220; css=&#8220;.vc_custom_1462626907798{margin-bottom: 20px !important;}&#8220;][vc_empty_space height=&#8220;6px&#8220;][vc_single_image image=&#8220;3539&#8243; img_size=&#8220;full&#8220; el_class=&#8220;nicdark_radius&#8220;][vc_empty_space height=&#8220;20px&#8220;][vc_btn title=&#8220;&#8220; color=&#8220;warning&#8220; i_icon_fontawesome=&#8220;fa fa-envelope-open&#8220; add_icon=&#8220;true&#8220; link=&#8220;url:mailto%3Am.helmes%40stellwerk-zukunft.de|||&#8220; el_class=&#8220;nicdark_margin10&#8243;][\/vc_column][vc_column width=&#8220;3\/6&#8243; css=&#8220;.vc_custom_1422897532916{margin-bottom: 20px !important;}&#8220;][vc_empty_space height=&#8220;6px&#8220;]<h3 style=\"color:;\" class=\" subtitle left\">MARTINA HELMES<\/h3>[vc_empty_space height=&#8220;20px&#8220;]<div class=\"nicdark_divider  left small \"><span style=\"background-color:#f79c00;\" class=\"nicdark_radius\"><\/span><\/div>[vc_empty_space height=&#8220;20px&#8220;][vc_column_text]<span style=\"font-family: georgia, palatino, serif;\">Nach meinem Studium und der Arbeit im ASD des Jugendamtes im Landkreis Osnabr\u00fcck entwickelte ich das Angebot des ambulanten Systemischen Clearings, welches sich in den ersten Jahren nach der Geburt unserer Tochter und unseres Sohnes etablierte.<\/span><\/p>\n<p>&nbsp;<\/p>\n<p><span style=\"font-family: georgia, palatino, serif;\">Neben meiner hauptberuflichen Arbeit als Lehrerin gr\u00fcndete ich mit meinem Ehemann Uwe 2007 <span style=\"color: #ff9900;\"><strong>Stellwerk Zukunft<\/strong><\/span> als gemeinn\u00fctzige GmbH und Tr\u00e4ger der freien Jugendhilfe. Seitdem k\u00fcmmere ich mich gerne um das kontinuierlich wachsende Team und werde direkt vor allem in den Arbeitsbereichen der Aufsuchenden Familientherapie (AFT) und dem ambulanten Systemischen Clearing eingesetzt. Hauptberuflich bin ich als Lehrerin an der Justus-von-Liebig-Schule (BBSIII in Vechta) vor allem in der Ausbildung von Sozialp\u00e4dagogischen Assistent*innen und Erzieher*innen t\u00e4tig.<\/span>[\/vc_column_text][vc_empty_space height=&#8220;20px&#8220;]<div class=\"nicdark_divider  left small \"><span style=\"background-color:#f79c00;\" class=\"nicdark_radius\"><\/span><\/div>[vc_empty_space height=&#8220;20px&#8220;][vc_tta_accordion color=&#8220;orange&#8220; spacing=&#8220;2&#8243; active_section=&#8220;6&#8243; collapsible_all=&#8220;true&#8220;][vc_tta_section title=&#8220;professioneller Werdegang&#8220; tab_id=&#8220;1450186634545-df34edcd-b55c&#8220;][vc_column_text]<\/p>\n<ul>\n<li>Erzieherin<\/li>\n<li>Diplom Sozialp\u00e4dagogin \/-arbeiterin (FH)<\/li>\n<li>Diplom &#8211; P\u00e4dagogin (Hochschule)<\/li>\n<li>Systemische Beraterin an der Carl- von Ossietzky Uni Oldenburg (DGSF)<\/li>\n<li>Berufsschullehramt f\u00fcr das Beruflichen Gymnasium \u2013 Gesundheit und Soziales \u2013 Schwerpunkt Sozialp\u00e4dagogik, in der Berufsfachschule Sozialp\u00e4dagogische Assistentin\/ Sozialp\u00e4dagogischer Assistent und in der Fachschule f\u00fcr Sozialp\u00e4dagogik<\/li>\n<li>Familientherapeutin im Context \u2013 Institut in Berlin (DGSF)<\/li>\n<li>Aufsuchende Familientherapie im Context \u2013 Institut in Berlin<\/li>\n<\/ul>\n<p>[\/vc_column_text][\/vc_tta_section][vc_tta_section title=&#8220;bisherige Arbeitsbereiche&#8220; tab_id=&#8220;1555681636881-585bd136-bdae&#8220;][vc_column_text]<\/p>\n<ul>\n<li>Kindergarten<\/li>\n<li>Kinderhort<\/li>\n<li>Jugendfreizeiten<\/li>\n<li>Station\u00e4re Jugendhilfe<\/li>\n<li>Lernhilfe<\/li>\n<li>Aidsberatung<\/li>\n<li>M\u00e4dchenzentrum<\/li>\n<li>Jugendgerichtshilfe<\/li>\n<li>Allgemeiner Sozialer Dienst<\/li>\n<li>Sozialer Trainingskurs<\/li>\n<li>Lehrauftr\u00e4ge an der Fachhochschule und Hochschule<\/li>\n<li>Verfahrenspflegerin<\/li>\n<li>Erwachsenenbildung\/Fortbildung<\/li>\n<li>Passgenaue Hilfe zur Erziehung (\u00a7 27, 30, 31, 41 SGB VIII)<\/li>\n<li>Lehrkraft an der BBS<\/li>\n<li>Ambulantes Systemisches Clearing<\/li>\n<li>Aufsuchende Familientherapie<\/li>\n<\/ul>\n<p>[\/vc_column_text][\/vc_tta_section][vc_tta_section title=&#8220;Zusatzqualifikationen&#8220; tab_id=&#8220;1450186928224-f956debd-e54b&#8220;][vc_column_text]<\/p>\n<ul>\n<li>Systemische Beraterin (DGSF)<\/li>\n<li>Systemische Familientherapeutin (DGSF)<\/li>\n<li>Aufsuchende Familientherapie (Context-Institut Berlin)<\/li>\n<\/ul>\n<p>[\/vc_column_text][\/vc_tta_section][vc_tta_section title=&#8220;Fortbildungen&#8220; tab_id=&#8220;1566919658186-9a36d72b-ae5f&#8220;][vc_column_text]<\/p>\n<ul>\n<li>Projektmanagement (NLI)<\/li>\n<li>Gesundheitsf\u00f6rderung und Stressmanagement\/ Paul van der Horst\/ denkbar Oldenburg<\/li>\n<li>FAM\/ IB Osnabr\u00fcck<\/li>\n<li>Sozialraumorientierung\/ Wolfgang Hinte und Maria L\u00fcttringhaus<\/li>\n<li>Marte Meo\/ Maria Aarts<\/li>\n<li>Neue Autorit\u00e4t Haim\/ Omer und Arist von Schlippe\/ IF Weinheim<\/li>\n<li>Multifamilientherapie\/ Eia Asen<\/li>\n<li>Familientherapeutische Themen (sexuelle Gewalt, Sucht, psychische Krankheiten, etc.) im Context-Institut Berlin bei Jorge Colapinto, Dr. Luigi Boscolo, Dr. Gianfranco Cecchin, Eia Asen, Judith Landau, Dr. Ingo Spitczok von Brisinski und Mary-Jo Barrett<\/li>\n<\/ul>\n<p>[\/vc_column_text][\/vc_tta_section][\/vc_tta_accordion][\/vc_column][vc_column width=&#8220;1\/3&#8243; css=&#8220;.vc_custom_1422897539084{margin-bottom: 20px !important;}&#8220;][vc_empty_space height=&#8220;6px&#8220;]<h3 style=\"color:;\" class=\" subtitle left\">ARBEITSBEREICHE IM STELLWERK<\/h3>[vc_empty_space height=&#8220;20px&#8220;]<div class=\"nicdark_divider  left small \"><span style=\"background-color:#f49f00;\" class=\"nicdark_radius\"><\/span><\/div>[vc_column_text]<\/p>\n<ul>\n<li>P\u00e4d. Leitung<\/li>\n<li>Ambulantes Systemisches Clearing<\/li>\n<li>AFT<\/li>\n<li>passgenaue HZE<\/li>\n<li>Mutter-Tochter-Aktionen<\/li>\n<li>Ressourcenorientierte Familienfreizeit<\/li>\n<li>Familiensamstage<\/li>\n<li>Projektarbeit<\/li>\n<\/ul>\n<p>[\/vc_column_text][vc_empty_space height=&#8220;60px&#8220;][vc_single_image image=&#8220;4422&#8243; img_size=&#8220;full&#8220;][\/vc_column][\/vc_row][vc_row imgparallax=&#8220;yes&#8220; srcparallax=&#8220;2615&#8243; idparallax=&#8220;teacherparal&#8220; css=&#8220;.vc_custom_1450188577002{margin-top: 20px !important;margin-bottom: 0px !important;}&#8220; idsection=&#8220;signature-row-single-teacher&#8220;][vc_column css=&#8220;.vc_custom_1421224569819{margin-top: 100px !important;margin-bottom: 100px !important;}&#8220;]<h2 style=\"color:#ffffff;\" class=\" subtitle center\">Ich glaube daran, dass das gr\u00f6\u00dfte Geschenk, das ich von jemandem empfangen kann, ist, gesehen, geh\u00f6rt, verstanden und ber\u00fchrt zu werden. Das gr\u00f6\u00dfte Geschenk, das ich geben kann, ist, den anderen zu sehen, zu h\u00f6ren, zu verstehen und zu ber\u00fchren. Wenn dies geschieht, entsteht Kontakt.<\/h2>[vc_empty_space height=&#8220;20px&#8220;]<div class=\"nicdark_divider  center big \"><span style=\"background-color:#ffffff;\" class=\"nicdark_radius\"><\/span><\/div>[vc_empty_space height=&#8220;30px&#8220;][vc_column_text]<\/p>\n<h1 style=\"text-align: center;\"><span style=\"color: #ffffff;\">Virginia Satir (Familientherapeutin)<\/span><\/h1>\n<p>[\/vc_column_text][\/vc_column][\/vc_row]<\/p>\n<\/div>","protected":false},"excerpt":{"rendered":"<p>[vc_row][vc_column][vc_empty_space][\/vc_column][\/vc_row][vc_row css=&#8220;.vc_custom_1422897311950{margin-top: 60px !important;}&#8220; idsection=&#8220;intro-row-single-teacher&#8220;][vc_column width=&#8220;1\/6&#8243; el_class=&#8220;nicdark_center&#8220; css=&#8220;.vc_custom_1462626907798{margin-bottom: 20px !important;}&#8220;][vc_empty_space height=&#8220;6px&#8220;][vc_single_image image=&#8220;3539&#8243; img_size=&#8220;full&#8220; el_class=&#8220;nicdark_radius&#8220;][vc_empty_space height=&#8220;20px&#8220;][vc_btn title=&#8220;&#8220; color=&#8220;warning&#8220; i_icon_fontawesome=&#8220;fa fa-envelope-open&#8220; add_icon=&#8220;true&#8220; link=&#8220;url:mailto%3Am.helmes%40stellwerk-zukunft.de|||&#8220; el_class=&#8220;nicdark_margin10&#8243;][\/vc_column][vc_column width=&#8220;3\/6&#8243; css=&#8220;.vc_custom_1422897532916{margin-bottom: 20px !important;}&#8220;][vc_empty_space height=&#8220;6px&#8220;][vc_empty_space height=&#8220;20px&#8220;][vc_empty_space height=&#8220;20px&#8220;][vc_column_text]Nach meinem Studium und der Arbeit im ASD des Jugendamtes im Landkreis Osnabr\u00fcck entwickelte ich das Angebot des ambulanten Systemischen Clearings, welches sich in den ersten Jahren &#8230;<\/p>\n","protected":false},"author":2,"featured_media":0,"parent":0,"menu_order":0,"comment_status":"open","ping_status":"closed","template":"","meta":{"footnotes":""},"class_list":["post-3913","page","type-page","status-publish","hentry"],"_links":{"self":[{"href":"https:\/\/www.stellwerk-zukunft.de\/index.php?rest_route=\/wp\/v2\/pages\/3913","targetHints":{"allow":["GET"]}}],"collection":[{"href":"https:\/\/www.stellwerk-zukunft.de\/index.php?rest_route=\/wp\/v2\/pages"}],"about":[{"href":"https:\/\/www.stellwerk-zukunft.de\/index.php?rest_route=\/wp\/v2\/types\/page"}],"author":[{"embeddable":true,"href":"https:\/\/www.stellwerk-zukunft.de\/index.php?rest_route=\/wp\/v2\/users\/2"}],"replies":[{"embeddable":true,"href":"https:\/\/www.stellwerk-zukunft.de\/index.php?rest_route=%2Fwp%2Fv2%2Fcomments&post=3913"}],"version-history":[{"count":20,"href":"https:\/\/www.stellwerk-zukunft.de\/index.php?rest_route=\/wp\/v2\/pages\/3913\/revisions"}],"predecessor-version":[{"id":4561,"href":"https:\/\/www.stellwerk-zukunft.de\/index.php?rest_route=\/wp\/v2\/pages\/3913\/revisions\/4561"}],"wp:attachment":[{"href":"https:\/\/www.stellwerk-zukunft.de\/index.php?rest_route=%2Fwp%2Fv2%2Fmedia&parent=3913"}],"curies":[{"name":"wp","href":"https:\/\/api.w.org\/{rel}","templated":true}]}}