{"id":3922,"date":"2019-04-19T16:08:43","date_gmt":"2019-04-19T14:08:43","guid":{"rendered":"https:\/\/www.stellwerk-zukunft.de\/?page_id=3922"},"modified":"2019-10-17T13:58:53","modified_gmt":"2019-10-17T11:58:53","slug":"manuela-droege-2-2-3","status":"publish","type":"page","link":"https:\/\/www.stellwerk-zukunft.de\/?page_id=3922","title":{"rendered":"Katrin Zielke"},"content":{"rendered":"<div class=\"wpb-content-wrapper\"><p>[vc_row][vc_column][vc_empty_space][\/vc_column][\/vc_row][vc_row css=&#8220;.vc_custom_1422897311950{margin-top: 60px !important;}&#8220; idsection=&#8220;intro-row-single-teacher&#8220;][vc_column width=&#8220;1\/6&#8243; el_class=&#8220;nicdark_center&#8220; css=&#8220;.vc_custom_1462626907798{margin-bottom: 20px !important;}&#8220;][vc_single_image image=&#8220;3536&#8243; img_size=&#8220;full&#8220; el_class=&#8220;nicdark_radius&#8220;][vc_empty_space height=&#8220;20px&#8220;][vc_btn title=&#8220;&#8220; color=&#8220;warning&#8220; i_icon_fontawesome=&#8220;fa fa-envelope-open&#8220; add_icon=&#8220;true&#8220; link=&#8220;url:mailto%3Azielke%40stellwerk-zukunft.de|||&#8220; el_class=&#8220;nicdark_margin10&#8243;][\/vc_column][vc_column width=&#8220;3\/6&#8243; css=&#8220;.vc_custom_1422897532916{margin-bottom: 20px !important;}&#8220;]<h3 style=\"color:;\" class=\" subtitle left\">KATHRIN ZIELKE<\/h3>[vc_empty_space height=&#8220;20px&#8220;]<div class=\"nicdark_divider  left small \"><span style=\"background-color:#f79c00;\" class=\"nicdark_radius\"><\/span><\/div>[vc_empty_space height=&#8220;20px&#8220;][vc_column_text]Kathrin Zielke arbeitet als Diplom-Sozialp\u00e4dagogin\/Sozialarbeiterin seit Januar 2016 bei Stellwerk Zukunft im Bereich der Fr\u00fchf\u00f6rderung. Gro\u00dfes Interesse hat sie an der Arbeit mit Kleinkinder und ihren Eltern, insbesondere im Bereich der Entwicklungsauff\u00e4lligkeiten und Beeintr\u00e4chtigungen bei Kindern.<\/p>\n<p>W\u00e4hrend ihres Studiums an der Fachhochschule M\u00fcnster sammelte sie erste Erfahrungen im Bereich der Beratung und Erziehungshilfen f\u00fcr Kinder, Jugendliche und Eltern, woraufhin sie sich im Rahmen ihres Studiums spezialisierte. Nach ihrem Studium arbeitet sie zun\u00e4chst in der station\u00e4ren Kinder- und Jugendhilfe bevor sie dann in der ambulanten Jugend- und Familienhilfe t\u00e4tig war. Sie begleitete Jugendliche und Familien auf ihren Weg in einen strukturierten Alltag, motivierte sie zu Eigeninitiative und begleitete sie in Krisensituationen. W\u00e4hrend ihrer T\u00e4tigkeit in der ambulanten Jugend- und Familienhilfe absolvierte sie die Fortbildung zur Systemischen Familienberaterin. Dar\u00fcber hinaus hat sie in einer Grundschule Sprachf\u00f6rderung f\u00fcr Migrantenkinder gegeben.[\/vc_column_text][vc_empty_space height=&#8220;20px&#8220;]<div class=\"nicdark_divider  left small \"><span style=\"background-color:#f79c00;\" class=\"nicdark_radius\"><\/span><\/div>[vc_empty_space height=&#8220;20px&#8220;][vc_tta_accordion color=&#8220;orange&#8220; spacing=&#8220;2&#8243; active_section=&#8220;6&#8243; collapsible_all=&#8220;true&#8220;][vc_tta_section title=&#8220;Ausbildung&#8220; tab_id=&#8220;1450186634545-df34edcd-b55c&#8220;][vc_column_text]<\/p>\n<ul>\n<li>2006 Diplom-Sozialp\u00e4dagogin\/Sozialarbeiterin<\/li>\n<\/ul>\n<p>[\/vc_column_text][\/vc_tta_section][vc_tta_section title=&#8220;berufl. Werdegang&#8220; tab_id=&#8220;1450186928224-f956debd-e54b&#8220;][vc_column_text]<\/p>\n<ul>\n<li>2000 Einj\u00e4hriges Praktikum im Kindergarten<\/li>\n<li>2004 Praxissemester in der Beratungsstelle f\u00fcr Eltern, Kinder und Jugendliche<\/li>\n<li>2006\/2007 T\u00e4tigkeit in der station\u00e4ren Kinder und Jugendhilfe<\/li>\n<li>2008-2016 T\u00e4tigkeit in der ambulanten Jugend- und Familienhilfe<\/li>\n<li>seit 2016 bei Stellwerk Zukunft im Bereich der Fr\u00fchf\u00f6rderung<\/li>\n<\/ul>\n<p>[\/vc_column_text][\/vc_tta_section][vc_tta_section title=&#8220;Zusatzqualifikationen&#8220; tab_id=&#8220;1555672717694-7c2c1628-4141&#8243;][vc_column_text]<\/p>\n<ul>\n<li>2008\/2009 Systemische Familienberaterin<\/li>\n<li>2009 Fortbildungsreihe &#8222;Schutzauftrag bei Kindeswohlgef\u00e4hrdung&#8220;<\/li>\n<li>2014-2016 Sprachf\u00f6rderung bei Mehrsprachigkeit<\/li>\n<\/ul>\n<p>[\/vc_column_text][\/vc_tta_section][\/vc_tta_accordion][\/vc_column][vc_column width=&#8220;1\/3&#8243; css=&#8220;.vc_custom_1422897539084{margin-bottom: 20px !important;}&#8220;]<h3 style=\"color:;\" class=\" subtitle left\">THEMEN MIT BESONDEREM INTERESSE<\/h3>[vc_empty_space height=&#8220;20px&#8220;]<div class=\"nicdark_divider  left small \"><span style=\"background-color:#f49f00;\" class=\"nicdark_radius\"><\/span><\/div>[vc_empty_space height=&#8220;20px&#8220;][vc_progress_bar values=&#8220;%5B%7B%22label%22%3A%22fr%C3%BChkindliche%20Entwicklung%22%2C%22value%22%3A%2295%22%7D%2C%7B%22label%22%3A%22Systemische%20Beratung%22%2C%22value%22%3A%2290%22%2C%22color%22%3A%22bar_orange%22%7D%2C%7B%22label%22%3A%22Sprache%22%2C%22value%22%3A%2280%22%2C%22color%22%3A%22bar_orange%22%7D%5D&#8220; bgcolor=&#8220;bar_orange&#8220;][vc_empty_space height=&#8220;20px&#8220;][\/vc_column][\/vc_row][vc_row imgparallax=&#8220;yes&#8220; srcparallax=&#8220;2615&#8243; idparallax=&#8220;teacherparal&#8220; css=&#8220;.vc_custom_1450188577002{margin-top: 20px !important;margin-bottom: 0px !important;}&#8220; idsection=&#8220;signature-row-single-teacher&#8220;][vc_column css=&#8220;.vc_custom_1421224569819{margin-top: 100px !important;margin-bottom: 100px !important;}&#8220;]<h2 style=\"color:#ffffff;\" class=\" subtitle center\">Sei selbst die Ver\u00e4nderung, die du dir f\u00fcr diese Welt w\u00fcnscht.<\/h2>[vc_empty_space height=&#8220;20px&#8220;]<div class=\"nicdark_divider  center big \"><span style=\"background-color:#ffffff;\" class=\"nicdark_radius\"><\/span><\/div>[vc_empty_space height=&#8220;30px&#8220;][vc_column_text]<\/p>\n<h1 class=\"signature white center\">Ghandi<\/h1>\n<p>[\/vc_column_text][\/vc_column][\/vc_row]<\/p>\n<\/div>","protected":false},"excerpt":{"rendered":"<p>[vc_row][vc_column][vc_empty_space][\/vc_column][\/vc_row][vc_row css=&#8220;.vc_custom_1422897311950{margin-top: 60px !important;}&#8220; idsection=&#8220;intro-row-single-teacher&#8220;][vc_column width=&#8220;1\/6&#8243; el_class=&#8220;nicdark_center&#8220; css=&#8220;.vc_custom_1462626907798{margin-bottom: 20px !important;}&#8220;][vc_single_image image=&#8220;3536&#8243; img_size=&#8220;full&#8220; el_class=&#8220;nicdark_radius&#8220;][vc_empty_space height=&#8220;20px&#8220;][vc_btn title=&#8220;&#8220; color=&#8220;warning&#8220; i_icon_fontawesome=&#8220;fa fa-envelope-open&#8220; add_icon=&#8220;true&#8220; link=&#8220;url:mailto%3Azielke%40stellwerk-zukunft.de|||&#8220; el_class=&#8220;nicdark_margin10&#8243;][\/vc_column][vc_column width=&#8220;3\/6&#8243; css=&#8220;.vc_custom_1422897532916{margin-bottom: 20px !important;}&#8220;][vc_empty_space height=&#8220;20px&#8220;][vc_empty_space height=&#8220;20px&#8220;][vc_column_text]Kathrin Zielke arbeitet als Diplom-Sozialp\u00e4dagogin\/Sozialarbeiterin seit Januar 2016 bei Stellwerk Zukunft im Bereich der Fr\u00fchf\u00f6rderung. Gro\u00dfes Interesse hat sie an der Arbeit mit Kleinkinder und ihren Eltern, insbesondere im &#8230;<\/p>\n","protected":false},"author":2,"featured_media":0,"parent":0,"menu_order":0,"comment_status":"open","ping_status":"closed","template":"","meta":{"footnotes":""},"class_list":["post-3922","page","type-page","status-publish","hentry"],"_links":{"self":[{"href":"https:\/\/www.stellwerk-zukunft.de\/index.php?rest_route=\/wp\/v2\/pages\/3922","targetHints":{"allow":["GET"]}}],"collection":[{"href":"https:\/\/www.stellwerk-zukunft.de\/index.php?rest_route=\/wp\/v2\/pages"}],"about":[{"href":"https:\/\/www.stellwerk-zukunft.de\/index.php?rest_route=\/wp\/v2\/types\/page"}],"author":[{"embeddable":true,"href":"https:\/\/www.stellwerk-zukunft.de\/index.php?rest_route=\/wp\/v2\/users\/2"}],"replies":[{"embeddable":true,"href":"https:\/\/www.stellwerk-zukunft.de\/index.php?rest_route=%2Fwp%2Fv2%2Fcomments&post=3922"}],"version-history":[{"count":5,"href":"https:\/\/www.stellwerk-zukunft.de\/index.php?rest_route=\/wp\/v2\/pages\/3922\/revisions"}],"predecessor-version":[{"id":4558,"href":"https:\/\/www.stellwerk-zukunft.de\/index.php?rest_route=\/wp\/v2\/pages\/3922\/revisions\/4558"}],"wp:attachment":[{"href":"https:\/\/www.stellwerk-zukunft.de\/index.php?rest_route=%2Fwp%2Fv2%2Fmedia&parent=3922"}],"curies":[{"name":"wp","href":"https:\/\/api.w.org\/{rel}","templated":true}]}}