{"id":3931,"date":"2019-04-19T16:29:36","date_gmt":"2019-04-19T14:29:36","guid":{"rendered":"https:\/\/www.stellwerk-zukunft.de\/?page_id=3931"},"modified":"2019-11-19T15:40:25","modified_gmt":"2019-11-19T14:40:25","slug":"manuela-droege-2-5","status":"publish","type":"page","link":"https:\/\/www.stellwerk-zukunft.de\/?page_id=3931","title":{"rendered":"Marc Clemens"},"content":{"rendered":"<div class=\"wpb-content-wrapper\"><p>[vc_row][vc_column][vc_empty_space][\/vc_column][\/vc_row][vc_row css=&#8220;.vc_custom_1422897311950{margin-top: 60px !important;}&#8220; idsection=&#8220;intro-row-single-teacher&#8220;][vc_column width=&#8220;1\/6&#8243; el_class=&#8220;nicdark_center&#8220; css=&#8220;.vc_custom_1462626907798{margin-bottom: 20px !important;}&#8220;][vc_single_image image=&#8220;3538&#8243; img_size=&#8220;full&#8220; el_class=&#8220;nicdark_radius&#8220;][vc_empty_space height=&#8220;20px&#8220;][vc_btn title=&#8220;&#8220; color=&#8220;warning&#8220; i_icon_fontawesome=&#8220;fa fa-envelope-open&#8220; add_icon=&#8220;true&#8220; link=&#8220;url:mailto%3Aclemens%40stellwerk-zukunft.de|||&#8220; el_class=&#8220;nicdark_margin10&#8243;][\/vc_column][vc_column width=&#8220;3\/6&#8243; css=&#8220;.vc_custom_1422897532916{margin-bottom: 20px !important;}&#8220;]<h3 style=\"color:;\" class=\" subtitle left\">MARC CLEMENS<\/h3>[vc_empty_space height=&#8220;20px&#8220;]<div class=\"nicdark_divider  left small \"><span style=\"background-color:#f79c00;\" class=\"nicdark_radius\"><\/span><\/div>[vc_empty_space height=&#8220;20px&#8220;][vc_column_text]Geboren bin ich in Hannover\/Langenhagen und aufgewachsen in Rastede, in der N\u00e4he von Oldenburg. Ich bin Vater zweier T\u00f6chter.<\/p>\n<p>Bei Stellwerk Zukunft bin ich schwerpunktm\u00e4\u00dfig in den Bereichen Aufsuchende Familientherapie, ambulantes systemisches Clearing und Fachberatung f\u00fcr Institutionen im Bereich der Kinder- und Jugendhilfe t\u00e4tig, Ebenso bin ich in Projekte im Bereich Gewaltpr\u00e4vention und Selbstbehauptung involviert. Profitieren kann ich dort von meiner vorangegangenen Besch\u00e4ftigung im station\u00e4ren Jugendhilfebereich, in dem ich \u00fcber zw\u00f6lf Jahre t\u00e4tig war und u.a. station\u00e4re Wohngruppen leitete und bei deren Aufbau ebenso beteiligt war.[\/vc_column_text][vc_empty_space height=&#8220;20px&#8220;]<div class=\"nicdark_divider  left small \"><span style=\"background-color:#f79c00;\" class=\"nicdark_radius\"><\/span><\/div>[vc_empty_space height=&#8220;20px&#8220;][vc_tta_accordion color=&#8220;orange&#8220; spacing=&#8220;2&#8243; active_section=&#8220;6&#8243; collapsible_all=&#8220;true&#8220;][vc_tta_section title=&#8220;Ausbildung&#8220; tab_id=&#8220;1450186634545-df34edcd-b55c&#8220;][vc_column_text]<strong>Dipl. Sozialp\u00e4dagoge\/Sozialarbeiter<br \/>\n<\/strong>[\/vc_column_text][\/vc_tta_section][vc_tta_section title=&#8220;beruflicher Werdegang&#8220; tab_id=&#8220;1555683838003-1f06fbd3-cce9&#8243;][vc_column_text]<\/p>\n<ul>\n<li>Studium im Fachbereich Sozialwesen an der Fachhochschule Ostfriesland zum staatlich anerkannten Diplom Sozialp\u00e4dagogen und Sozialarbeiter (FH)<\/li>\n<li>langj\u00e4hriger Mitarbeiter und Leiter von station\u00e4ren Kinder- und Jugendwohngruppen<\/li>\n<li>seit 2010 im Stellwerk Zukunft<\/li>\n<li><span style=\"color: #000000;\">nebenberuflich T\u00e4tigkeit in eigener Praxis Sichtweisen GbR<\/span><\/li>\n<\/ul>\n<p><strong>\u00a0<\/strong>[\/vc_column_text][\/vc_tta_section][vc_tta_section title=&#8220;Zusatzqualifikationen&#8220; tab_id=&#8220;1450186928224-f956debd-e54b&#8220;][vc_column_text]<\/p>\n<ul>\n<li>Fortbildung \u201eLeiten im Team\u201c<\/li>\n<li>Weiterbildung am ZWW (C3L) der Universit\u00e4t Oldenburg zum Systemischen Berater<\/li>\n<li>Weiterbildung am ZWW (C3L) der Universit\u00e4t Oldenburg zum System- und Familientherapeuten<\/li>\n<li>Fortbildung im Bereich Aufsuchende Familientherapie (AFT) am Context-Institut bei Marie-Luise Conen zum Aufsuchenden Familientherapeuten (AFT)<\/li>\n<li>zertifizierter Therapeut der Deutschen Gesellschaft f\u00fcr Systemische Therapie, Beratung und Familientherapie (DGSF)<\/li>\n<li>zertifizierter Gewaltschutztrainer des DKV<\/li>\n<\/ul>\n<p>[\/vc_column_text][\/vc_tta_section][\/vc_tta_accordion][\/vc_column][vc_column width=&#8220;1\/3&#8243; css=&#8220;.vc_custom_1422897539084{margin-bottom: 20px !important;}&#8220;]<h3 style=\"color:;\" class=\" subtitle left\">ARBEITSBEREICHE IM STELLWERK<\/h3>[vc_empty_space height=&#8220;20px&#8220;]<div class=\"nicdark_divider  left small \"><span style=\"background-color:#f49f00;\" class=\"nicdark_radius\"><\/span><\/div>[vc_column_text]<\/p>\n<ul>\n<li>ambulantes Clearing<\/li>\n<li>aufsuchende Familientherapie<\/li>\n<li>Familienhilfe<\/li>\n<li>Erziehungsbeistandschaften<\/li>\n<\/ul>\n<p>[\/vc_column_text][\/vc_column][\/vc_row][vc_row imgparallax=&#8220;yes&#8220; srcparallax=&#8220;2615&#8243; idparallax=&#8220;teacherparal&#8220; css=&#8220;.vc_custom_1450188577002{margin-top: 20px !important;margin-bottom: 0px !important;}&#8220; idsection=&#8220;signature-row-single-teacher&#8220;][vc_column css=&#8220;.vc_custom_1421224569819{margin-top: 100px !important;margin-bottom: 100px !important;}&#8220;]<h2 style=\"color:#ffffff;\" class=\" subtitle center\"><\/h2>[vc_empty_space height=&#8220;20px&#8220;]<div class=\"nicdark_divider  center big \"><span style=\"background-color:#ffffff;\" class=\"nicdark_radius\"><\/span><\/div>[vc_empty_space height=&#8220;30px&#8220;][vc_column_text][\/vc_column_text][\/vc_column][\/vc_row]<\/p>\n<\/div>","protected":false},"excerpt":{"rendered":"<p>[vc_row][vc_column][vc_empty_space][\/vc_column][\/vc_row][vc_row css=&#8220;.vc_custom_1422897311950{margin-top: 60px !important;}&#8220; idsection=&#8220;intro-row-single-teacher&#8220;][vc_column width=&#8220;1\/6&#8243; el_class=&#8220;nicdark_center&#8220; css=&#8220;.vc_custom_1462626907798{margin-bottom: 20px !important;}&#8220;][vc_single_image image=&#8220;3538&#8243; img_size=&#8220;full&#8220; el_class=&#8220;nicdark_radius&#8220;][vc_empty_space height=&#8220;20px&#8220;][vc_btn title=&#8220;&#8220; color=&#8220;warning&#8220; i_icon_fontawesome=&#8220;fa fa-envelope-open&#8220; add_icon=&#8220;true&#8220; link=&#8220;url:mailto%3Aclemens%40stellwerk-zukunft.de|||&#8220; el_class=&#8220;nicdark_margin10&#8243;][\/vc_column][vc_column width=&#8220;3\/6&#8243; css=&#8220;.vc_custom_1422897532916{margin-bottom: 20px !important;}&#8220;][vc_empty_space height=&#8220;20px&#8220;][vc_empty_space height=&#8220;20px&#8220;][vc_column_text]Geboren bin ich in Hannover\/Langenhagen und aufgewachsen in Rastede, in der N\u00e4he von Oldenburg. Ich bin Vater zweier T\u00f6chter. Bei Stellwerk Zukunft bin ich schwerpunktm\u00e4\u00dfig in den Bereichen Aufsuchende &#8230;<\/p>\n","protected":false},"author":2,"featured_media":0,"parent":0,"menu_order":0,"comment_status":"open","ping_status":"closed","template":"","meta":{"footnotes":""},"class_list":["post-3931","page","type-page","status-publish","hentry"],"_links":{"self":[{"href":"https:\/\/www.stellwerk-zukunft.de\/index.php?rest_route=\/wp\/v2\/pages\/3931","targetHints":{"allow":["GET"]}}],"collection":[{"href":"https:\/\/www.stellwerk-zukunft.de\/index.php?rest_route=\/wp\/v2\/pages"}],"about":[{"href":"https:\/\/www.stellwerk-zukunft.de\/index.php?rest_route=\/wp\/v2\/types\/page"}],"author":[{"embeddable":true,"href":"https:\/\/www.stellwerk-zukunft.de\/index.php?rest_route=\/wp\/v2\/users\/2"}],"replies":[{"embeddable":true,"href":"https:\/\/www.stellwerk-zukunft.de\/index.php?rest_route=%2Fwp%2Fv2%2Fcomments&post=3931"}],"version-history":[{"count":5,"href":"https:\/\/www.stellwerk-zukunft.de\/index.php?rest_route=\/wp\/v2\/pages\/3931\/revisions"}],"predecessor-version":[{"id":4570,"href":"https:\/\/www.stellwerk-zukunft.de\/index.php?rest_route=\/wp\/v2\/pages\/3931\/revisions\/4570"}],"wp:attachment":[{"href":"https:\/\/www.stellwerk-zukunft.de\/index.php?rest_route=%2Fwp%2Fv2%2Fmedia&parent=3931"}],"curies":[{"name":"wp","href":"https:\/\/api.w.org\/{rel}","templated":true}]}}