{"id":3938,"date":"2019-04-19T16:56:08","date_gmt":"2019-04-19T14:56:08","guid":{"rendered":"https:\/\/www.stellwerk-zukunft.de\/?page_id=3938"},"modified":"2025-08-26T10:18:49","modified_gmt":"2025-08-26T08:18:49","slug":"fruehfoerderung-2","status":"publish","type":"page","link":"https:\/\/www.stellwerk-zukunft.de\/?page_id=3938","title":{"rendered":"ambulante Fr\u00fchf\u00f6rderung"},"content":{"rendered":"<div class=\"wpb-content-wrapper\"><p>[vc_row][vc_column width=&#8220;1\/3&#8243;][vc_empty_space]<h2 style=\"color:#e1bc00;\" class=\" title left\">Fr\u00fchf\u00f6rderung und Entwicklungsberatung<\/h2>[vc_empty_space]<div class=\"nicdark_divider  left small \"><span style=\"background-color:#e1bc00;\" class=\"nicdark_radius\"><\/span><\/div>[vc_empty_space][vc_column_text]\u201eFr\u00fchf\u00f6rderung\u201c nennt man Hilfen, die ein Vorschulkind bekommen kann, wenn Entwicklungsauff\u00e4lligkeiten und Beeintr\u00e4chtigungen in folgenden Bereichen bestehen:<\/p>\n<ul>\n<li>in Haltung und Bewegung<\/li>\n<li>beim Greifen und Spielen<\/li>\n<li>in der Reaktion und Verhalten auf die Umwelt<\/li>\n<li>beim Sprechen lernen u.a.<\/li>\n<\/ul>\n<p><a href=\"http:\/\/www.stellwerk-zukunft.de\/wp-content\/uploads\/2015\/12\/Fotolia_89386958_L-klein.jpg\"><img loading=\"lazy\" decoding=\"async\" class=\"size-medium wp-image-3555 alignleft\" src=\"http:\/\/www.stellwerk-zukunft.de\/wp-content\/uploads\/2015\/12\/Fotolia_89386958_L-klein-204x300.jpg\" alt=\"\" width=\"204\" height=\"300\" srcset=\"https:\/\/www.stellwerk-zukunft.de\/wp-content\/uploads\/2015\/12\/Fotolia_89386958_L-klein-204x300.jpg 204w, https:\/\/www.stellwerk-zukunft.de\/wp-content\/uploads\/2015\/12\/Fotolia_89386958_L-klein-768x1132.jpg 768w, https:\/\/www.stellwerk-zukunft.de\/wp-content\/uploads\/2015\/12\/Fotolia_89386958_L-klein-695x1024.jpg 695w, https:\/\/www.stellwerk-zukunft.de\/wp-content\/uploads\/2015\/12\/Fotolia_89386958_L-klein-1180x1739.jpg 1180w, https:\/\/www.stellwerk-zukunft.de\/wp-content\/uploads\/2015\/12\/Fotolia_89386958_L-klein.jpg 2000w\" sizes=\"auto, (max-width: 204px) 100vw, 204px\" \/><\/a>Die Chancen einer Normalisierung der Entwicklung und damit der Erfolg der Fr\u00fchf\u00f6rderung sind umso gr\u00f6\u00dfer je fr\u00fchzeitiger die F\u00f6rderung und Behandlung beginnt. <strong>Kleine Kinder \u2013 gro\u00dfe Chancen!<\/strong><\/p>\n<p>&nbsp;<\/p>\n<p>Wie kann es starten?<\/p>\n<ul>\n<li>der Kinderarzt\/die Kinder\u00e4rztin bemerkt eine Entwicklungsverz\u00f6gerung \u2026<\/li>\n<li>im Kindergarten fallen Besonderheiten auf \u2026<\/li>\n<li>Sie als Eltern fragen sich, ob im Vergleich mit Geschwistern oder anderen Kindern alles in Ordnung ist \u2026<\/li>\n<\/ul>\n<p>\u2026 dann scheuen Sie sich nicht, einen Termin zur Fr\u00fcherkennung \/ Entwicklungsberatung mit uns zu vereinbaren.<\/p>\n<p>&nbsp;<\/p>\n<p>Dieses erste Treffen ist immer kostenlos und Sie gehen keinerlei Verpflichtungen ein. Wir besprechen ihre Sorgen und Vermutungen mit Ihnen und unterst\u00fctzen Sie, wenn gew\u00fcnscht, in der Antragsstellung.[\/vc_column_text][vc_empty_space][vc_row_inner][vc_column_inner width=&#8220;1\/3&#8243;][\/vc_column_inner][vc_column_inner width=&#8220;1\/3&#8243;][vc_btn title=&#8220;Download Flyer&#8220; color=&#8220;default&#8220; i_icon_fontawesome=&#8220;fa fa-download&#8220; add_icon=&#8220;true&#8220; link=&#8220;url:https%3A%2F%2Fwww.stellwerk-zukunft.de%2Fwp-content%2Fuploads%2F2019%2F04%2FSZ-Flyer-Fr%C3%BChf%C3%B6rderung.pdf||target:%20_blank|&#8220;][\/vc_column_inner][vc_column_inner width=&#8220;1\/3&#8243;][\/vc_column_inner][\/vc_row_inner][\/vc_column][vc_column width=&#8220;1\/3&#8243;][vc_empty_space][vc_column_text]<\/p>\n<h3>Leitung der Fr\u00fchf\u00f6rderung:<\/h3>\n<p>[\/vc_column_text][vc_empty_space height=&#8220;12px&#8220;]\n\n\n   <div class=\" nicdark_archive1 nicdark_bg_yellow nicdark_radius nicdark_shadow\">\n\n        <div class=\"nicdark_textevidence nicdark_width_percentage40 nicdark_width100_responsive\">\n            <img decoding=\"async\" alt=\"\" class=\"nicdark_radius_left nicdark_opacity\" src=\"https:\/\/www.stellwerk-zukunft.de\/wp-content\/uploads\/2023\/09\/Katharina-1024x1024.jpg\">\n        <\/div>\n        \n        <div class=\"nicdark_textevidence nicdark_width_percentage60 nicdark_width100_responsive\">\n            <div class=\"nicdark_margin20\">\n            \n                <h4 class=\"white\">Katharina Moormann<\/h4>                        \n                <div class=\"nicdark_space20\"><\/div>\n                <div class=\"nicdark_divider left small\"><span class=\"nicdark_bg_white nicdark_radius\"><\/span><\/div>\n                <div class=\"nicdark_space20\"><\/div>\n                <p class=\"white\">Dipl. Soz. P\u00e4d.\/Soz. Arb.<br \/>\nSystemische Beraterin<br \/>\nFamiliensprechstunde (nifbe)<\/p>\n                <div class=\"nicdark_space20\"><\/div>\n                \n\n            <\/div>\n        <\/div>\n\n        \n\n    <\/div>\n\n   [vc_row_inner][vc_column_inner][vc_icon icon_fontawesome=&#8220;fas fa-envelope-open&#8220; color=&#8220;custom&#8220; size=&#8220;sm&#8220; align=&#8220;center&#8220; custom_color=&#8220;#e1bc00&#8243; link=&#8220;url:mailto%3Amoormann%40stellwerk-zukunft.de|title:e-Mail%20an%20Katharina%20Moormann||&#8220;][\/vc_column_inner][\/vc_row_inner][vc_empty_space][vc_empty_space height=&#8220;6px&#8220;]\n\n\n   <div class=\" nicdark_archive1 nicdark_bg_yellow nicdark_radius nicdark_shadow\">\n\n        <div class=\"nicdark_textevidence nicdark_width_percentage40 nicdark_width100_responsive\">\n            <img decoding=\"async\" alt=\"\" class=\"nicdark_radius_left nicdark_opacity\" src=\"https:\/\/www.stellwerk-zukunft.de\/wp-content\/uploads\/2023\/09\/Kathrin-1024x1024.jpg\">\n        <\/div>\n        \n        <div class=\"nicdark_textevidence nicdark_width_percentage60 nicdark_width100_responsive\">\n            <div class=\"nicdark_margin20\">\n            \n                <h4 class=\"white\">Kathrin Zielke<\/h4>                        \n                <div class=\"nicdark_space20\"><\/div>\n                <div class=\"nicdark_divider left small\"><span class=\"nicdark_bg_white nicdark_radius\"><\/span><\/div>\n                <div class=\"nicdark_space20\"><\/div>\n                <p class=\"white\">Dipl. Soz. P\u00e4d.\/Soz. Arb.<br \/>\nSystemische Familienberaterin<\/p>\n                <div class=\"nicdark_space20\"><\/div>\n                \n\n            <\/div>\n        <\/div>\n\n        \n\n    <\/div>\n\n   [vc_row_inner][vc_column_inner width=&#8220;1\/2&#8243;][vc_icon icon_fontawesome=&#8220;fa fa-info-circle&#8220; color=&#8220;custom&#8220; size=&#8220;sm&#8220; align=&#8220;center&#8220; custom_color=&#8220;#e1bc00&#8243; link=&#8220;url:https%3A%2F%2Fwww.stellwerk-zukunft.de%2F%3Fpage_id%3D3922|title:Infos%20zu%20Kathrin%20Zielke|target:%20_blank|&#8220;][\/vc_column_inner][vc_column_inner width=&#8220;1\/2&#8243;][vc_icon icon_fontawesome=&#8220;fas fa-envelope-open&#8220; color=&#8220;custom&#8220; size=&#8220;sm&#8220; align=&#8220;center&#8220; custom_color=&#8220;#e1bc00&#8243; link=&#8220;url:mailto%3Azielke%40stellwerk-zukunft.de|title:e-Mail%20an%20Kathrin%20Zielke||&#8220;][\/vc_column_inner][\/vc_row_inner]\n\n\n   <div class=\" nicdark_archive1 nicdark_bg_yellow nicdark_radius nicdark_shadow\">\n\n        <div class=\"nicdark_textevidence nicdark_width_percentage40 nicdark_width100_responsive\">\n            <img decoding=\"async\" alt=\"\" class=\"nicdark_radius_left nicdark_opacity\" src=\"https:\/\/www.stellwerk-zukunft.de\/wp-content\/uploads\/2023\/09\/Sandra-1024x1024.jpg\">\n        <\/div>\n        \n        <div class=\"nicdark_textevidence nicdark_width_percentage60 nicdark_width100_responsive\">\n            <div class=\"nicdark_margin20\">\n            \n                <h4 class=\"white\">Sandra Bolles<\/h4>                        \n                <div class=\"nicdark_space20\"><\/div>\n                <div class=\"nicdark_divider left small\"><span class=\"nicdark_bg_white nicdark_radius\"><\/span><\/div>\n                <div class=\"nicdark_space20\"><\/div>\n                <p class=\"white\">Erzieherin<br \/>\nmit heilp\u00e4d. Zusatzausbildung<\/p>\n                <div class=\"nicdark_space20\"><\/div>\n                \n\n            <\/div>\n        <\/div>\n\n        \n\n    <\/div>\n\n   [vc_icon icon_fontawesome=&#8220;fas fa-envelope-open&#8220; color=&#8220;custom&#8220; size=&#8220;sm&#8220; align=&#8220;center&#8220; custom_color=&#8220;#e1bc00&#8243; link=&#8220;url:mailto%3Abolles%40stellwerk-zukunft.de|title:e-Mail%20an%20Sandra%20Bolles||&#8220;]\n\n\n   <div class=\" nicdark_archive1 nicdark_bg_yellow nicdark_radius nicdark_shadow\">\n\n        <div class=\"nicdark_textevidence nicdark_width_percentage40 nicdark_width100_responsive\">\n            <img decoding=\"async\" alt=\"\" class=\"nicdark_radius_left nicdark_opacity\" src=\"https:\/\/www.stellwerk-zukunft.de\/wp-content\/uploads\/2023\/09\/Tina-1024x1024.jpg\">\n        <\/div>\n        \n        <div class=\"nicdark_textevidence nicdark_width_percentage60 nicdark_width100_responsive\">\n            <div class=\"nicdark_margin20\">\n            \n                <h4 class=\"white\">Tina Kurre<\/h4>                        \n                <div class=\"nicdark_space20\"><\/div>\n                <div class=\"nicdark_divider left small\"><span class=\"nicdark_bg_white nicdark_radius\"><\/span><\/div>\n                <div class=\"nicdark_space20\"><\/div>\n                <p class=\"white\">Atem-, Sprech- und Stimmlehrerin (CJD)<br \/>\nCastillo Morales\u00ae-Therapeutin<\/p>\n                <div class=\"nicdark_space20\"><\/div>\n                \n\n            <\/div>\n        <\/div>\n\n        \n\n    <\/div>\n\n   [vc_icon icon_fontawesome=&#8220;fas fa-envelope-open&#8220; color=&#8220;custom&#8220; size=&#8220;sm&#8220; align=&#8220;center&#8220; custom_color=&#8220;#e1bc00&#8243; link=&#8220;url:mailto%3Akurre%40stellwerk-zukunft.de|title:e-Mail%20an%20Tina%20Kurre||&#8220;]\n\n\n   <div class=\" nicdark_archive1 nicdark_bg_yellow nicdark_radius nicdark_shadow\">\n\n        <div class=\"nicdark_textevidence nicdark_width_percentage40 nicdark_width100_responsive\">\n            <img decoding=\"async\" alt=\"\" class=\"nicdark_radius_left nicdark_opacity\" src=\"https:\/\/www.stellwerk-zukunft.de\/wp-content\/uploads\/2025\/08\/AnnaOe.jpg\">\n        <\/div>\n        \n        <div class=\"nicdark_textevidence nicdark_width_percentage60 nicdark_width100_responsive\">\n            <div class=\"nicdark_margin20\">\n            \n                <h4 class=\"white\">Anna \u00d6verm\u00f6hle<\/h4>                        \n                <div class=\"nicdark_space20\"><\/div>\n                <div class=\"nicdark_divider left small\"><span class=\"nicdark_bg_white nicdark_radius\"><\/span><\/div>\n                <div class=\"nicdark_space20\"><\/div>\n                <p class=\"white\">Sozialarbeiterin\/ Sozialp\u00e4dagogin (B.A.)<\/p>\n                <div class=\"nicdark_space20\"><\/div>\n                \n\n            <\/div>\n        <\/div>\n\n        \n\n    <\/div>\n\n   [vc_icon icon_fontawesome=&#8220;fas fa-envelope-open&#8220; color=&#8220;custom&#8220; size=&#8220;sm&#8220; align=&#8220;center&#8220; custom_color=&#8220;#e1bc00&#8243; link=&#8220;url:mailto%3Aoevermoehle%40stellwerk-zukunft.de|title:e-Mail%20an%20Anna%20%C3%96verm%C3%B6hle&#8220;][\/vc_column][vc_column width=&#8220;1\/3&#8243;][vc_empty_space][vc_empty_space height=&#8220;48px&#8220;][vc_empty_space height=&#8220;48px&#8220;]\n\n\n   <div class=\" nicdark_archive1 nicdark_bg_yellow nicdark_radius nicdark_shadow\">\n\n        <div class=\"nicdark_textevidence nicdark_width_percentage40 nicdark_width100_responsive\">\n            <img decoding=\"async\" alt=\"\" class=\"nicdark_radius_left nicdark_opacity\" src=\"https:\/\/www.stellwerk-zukunft.de\/wp-content\/uploads\/2015\/12\/Christa_Lucks-1-350px.jpg\">\n        <\/div>\n        \n        <div class=\"nicdark_textevidence nicdark_width_percentage60 nicdark_width100_responsive\">\n            <div class=\"nicdark_margin20\">\n            \n                <h4 class=\"white\">Christa Lucks<\/h4>                        \n                <div class=\"nicdark_space20\"><\/div>\n                <div class=\"nicdark_divider left small\"><span class=\"nicdark_bg_white nicdark_radius\"><\/span><\/div>\n                <div class=\"nicdark_space20\"><\/div>\n                <p class=\"white\">Dipl. Sozialp\u00e4dagogin<br \/>\nPhysiotherapeutin<br \/>\nBobath-Therapeutin<\/p>\n                <div class=\"nicdark_space20\"><\/div>\n                \n\n            <\/div>\n        <\/div>\n\n        \n\n    <\/div>\n\n   [vc_icon icon_fontawesome=&#8220;fas fa-envelope-open&#8220; color=&#8220;custom&#8220; size=&#8220;sm&#8220; align=&#8220;center&#8220; custom_color=&#8220;#e1bc00&#8243; link=&#8220;url:mailto%3Alucks%40stellwerk-zukunft.de|title:e-Mail%20an%20Christa%20Lucks&#8220;]\n\n\n   <div class=\" nicdark_archive1 nicdark_bg_yellow nicdark_radius nicdark_shadow\">\n\n        <div class=\"nicdark_textevidence nicdark_width_percentage40 nicdark_width100_responsive\">\n            <img decoding=\"async\" alt=\"\" class=\"nicdark_radius_left nicdark_opacity\" src=\"https:\/\/www.stellwerk-zukunft.de\/wp-content\/uploads\/2023\/09\/Julia-1024x1024.jpg\">\n        <\/div>\n        \n        <div class=\"nicdark_textevidence nicdark_width_percentage60 nicdark_width100_responsive\">\n            <div class=\"nicdark_margin20\">\n            \n                <h4 class=\"white\">Julia Diekmann<\/h4>                        \n                <div class=\"nicdark_space20\"><\/div>\n                <div class=\"nicdark_divider left small\"><span class=\"nicdark_bg_white nicdark_radius\"><\/span><\/div>\n                <div class=\"nicdark_space20\"><\/div>\n                <p class=\"white\">Heilp\u00e4dagogin<br \/>\nInklusive P\u00e4dagogik (B.A,)<\/p>\n                <div class=\"nicdark_space20\"><\/div>\n                \n\n            <\/div>\n        <\/div>\n\n        \n\n    <\/div>\n\n   [vc_icon icon_fontawesome=&#8220;fas fa-envelope-open&#8220; color=&#8220;custom&#8220; size=&#8220;sm&#8220; align=&#8220;center&#8220; custom_color=&#8220;#e1bc00&#8243; link=&#8220;url:mailto%3Adiekmann%40stellwerk-zukunft.de|title:e-Mail%20an%20Julia%20Diekmann&#8220;]\n\n\n   <div class=\" nicdark_archive1 nicdark_bg_yellow nicdark_radius nicdark_shadow\">\n\n        <div class=\"nicdark_textevidence nicdark_width_percentage40 nicdark_width100_responsive\">\n            <img decoding=\"async\" alt=\"\" class=\"nicdark_radius_left nicdark_opacity\" src=\"https:\/\/www.stellwerk-zukunft.de\/wp-content\/uploads\/2025\/08\/Annemarie.jpg\">\n        <\/div>\n        \n        <div class=\"nicdark_textevidence nicdark_width_percentage60 nicdark_width100_responsive\">\n            <div class=\"nicdark_margin20\">\n            \n                <h4 class=\"white\">Annemarie Weil<\/h4>                        \n                <div class=\"nicdark_space20\"><\/div>\n                <div class=\"nicdark_divider left small\"><span class=\"nicdark_bg_white nicdark_radius\"><\/span><\/div>\n                <div class=\"nicdark_space20\"><\/div>\n                <p class=\"white\">Kinderkrankenschwester<br \/>\nHeilp\u00e4dagogin<\/p>\n                <div class=\"nicdark_space20\"><\/div>\n                \n\n            <\/div>\n        <\/div>\n\n        \n\n    <\/div>\n\n   [vc_icon icon_fontawesome=&#8220;fas fa-envelope-open&#8220; color=&#8220;custom&#8220; size=&#8220;sm&#8220; align=&#8220;center&#8220; css=&#8220;&#8220; custom_color=&#8220;#e1bc00&#8243;]\n\n\n   <div class=\" nicdark_archive1 nicdark_bg_yellow nicdark_radius nicdark_shadow\">\n\n        <div class=\"nicdark_textevidence nicdark_width_percentage40 nicdark_width100_responsive\">\n            <img decoding=\"async\" alt=\"\" class=\"nicdark_radius_left nicdark_opacity\" src=\"https:\/\/www.stellwerk-zukunft.de\/wp-content\/uploads\/2025\/08\/Irene.jpg\">\n        <\/div>\n        \n        <div class=\"nicdark_textevidence nicdark_width_percentage60 nicdark_width100_responsive\">\n            <div class=\"nicdark_margin20\">\n            \n                <h4 class=\"white\">Irene Taphorn<\/h4>                        \n                <div class=\"nicdark_space20\"><\/div>\n                <div class=\"nicdark_divider left small\"><span class=\"nicdark_bg_white nicdark_radius\"><\/span><\/div>\n                <div class=\"nicdark_space20\"><\/div>\n                <p class=\"white\">Erzieherin<\/p>\n                <div class=\"nicdark_space20\"><\/div>\n                \n\n            <\/div>\n        <\/div>\n\n        \n\n    <\/div>\n\n   [vc_icon icon_fontawesome=&#8220;fas fa-envelope-open&#8220; color=&#8220;custom&#8220; size=&#8220;sm&#8220; align=&#8220;center&#8220; custom_color=&#8220;#e1bc00&#8243; link=&#8220;url:mailto%3Abornhorst%40stellwerk-zukunft.de|title:e-Mail%20an%20Nele%20Bornhorst&#8220;]\n\n\n   <div class=\" nicdark_archive1 nicdark_bg_yellow nicdark_radius nicdark_shadow\">\n\n        <div class=\"nicdark_textevidence nicdark_width_percentage40 nicdark_width100_responsive\">\n            <img decoding=\"async\" alt=\"\" class=\"nicdark_radius_left nicdark_opacity\" src=\"https:\/\/www.stellwerk-zukunft.de\/wp-content\/uploads\/2025\/08\/Sema.jpg\">\n        <\/div>\n        \n        <div class=\"nicdark_textevidence nicdark_width_percentage60 nicdark_width100_responsive\">\n            <div class=\"nicdark_margin20\">\n            \n                <h4 class=\"white\">Semanur Basci<\/h4>                        \n                <div class=\"nicdark_space20\"><\/div>\n                <div class=\"nicdark_divider left small\"><span class=\"nicdark_bg_white nicdark_radius\"><\/span><\/div>\n                <div class=\"nicdark_space20\"><\/div>\n                <p class=\"white\">Erzieherin, Fachkraft f\u00fcr<br \/>\nSprachentwicklung und Sprachf\u00f6rderung<\/p>\n                <div class=\"nicdark_space20\"><\/div>\n                \n\n            <\/div>\n        <\/div>\n\n        \n\n    <\/div>\n\n   [vc_icon icon_fontawesome=&#8220;fas fa-envelope-open&#8220; color=&#8220;custom&#8220; size=&#8220;sm&#8220; align=&#8220;center&#8220; css=&#8220;&#8220; custom_color=&#8220;#e1bc00&#8243; link=&#8220;url:mailto%3Abasci%40stellwerk-zukunft.de|title:e-Mail%20an%20Semanur%20Basci&#8220;][vc_empty_space height=&#8220;86px&#8220;][vc_column_text css=&#8220;&#8220;][\/vc_column_text][vc_empty_space height=&#8220;20px&#8220;][\/vc_column][\/vc_row][vc_row][vc_column]<h2 style=\"color:#e1bc00;\" class=\" title left\">Spezielle Angebote im Bereich Fr\u00fchf\u00f6rderung:<\/h2>[vc_empty_space height=&#8220;12px&#8220;][\/vc_column][\/vc_row][vc_row css=&#8220;.vc_custom_1556031312522{padding-top: 30px !important;padding-bottom: 10px !important;background-color: #e1bc00 !important;background-position: center !important;background-repeat: no-repeat !important;background-size: cover !important;}&#8220;][vc_column width=&#8220;1\/4&#8243;][vc_btn title=&#8220;ambulante Fr\u00fchf\u00f6rderung&#8220; style=&#8220;3d&#8220; color=&#8220;default&#8220; link=&#8220;|||&#8220;][\/vc_column][vc_column width=&#8220;1\/4&#8243;][vc_btn title=&#8220;Entwicklungsberatung&#8220; style=&#8220;3d&#8220; color=&#8220;default&#8220; link=&#8220;|||&#8220;][\/vc_column][vc_column width=&#8220;1\/4&#8243;][vc_btn title=&#8220;Fachberatung&#8220; style=&#8220;3d&#8220; color=&#8220;default&#8220; link=&#8220;url:https%3A%2F%2Fwww.stellwerk-zukunft.de%2F%3Fpage_id%3D3996|||&#8220;][\/vc_column][vc_column width=&#8220;1\/4&#8243;][vc_btn title=&#8220;Fortbildungs- und Kursangebot&#8220; style=&#8220;3d&#8220; color=&#8220;default&#8220; size=&#8220;sm&#8220; link=&#8220;|||&#8220;][\/vc_column][\/vc_row][vc_row][vc_column][vc_column_text]<\/p>\n<p>[\/vc_column_text][\/vc_column][\/vc_row]<\/p>\n<\/div>","protected":false},"excerpt":{"rendered":"<p>[vc_row][vc_column width=&#8220;1\/3&#8243;][vc_empty_space][vc_empty_space][vc_empty_space][vc_column_text]\u201eFr\u00fchf\u00f6rderung\u201c nennt man Hilfen, die ein Vorschulkind bekommen kann, wenn Entwicklungsauff\u00e4lligkeiten und Beeintr\u00e4chtigungen in folgenden Bereichen bestehen: in Haltung und Bewegung beim Greifen und Spielen in der Reaktion und Verhalten auf die Umwelt beim Sprechen lernen u.a. Die Chancen einer Normalisierung der Entwicklung und damit der Erfolg der Fr\u00fchf\u00f6rderung sind umso gr\u00f6\u00dfer je fr\u00fchzeitiger &#8230;<\/p>\n","protected":false},"author":2,"featured_media":0,"parent":0,"menu_order":0,"comment_status":"closed","ping_status":"closed","template":"","meta":{"footnotes":""},"class_list":["post-3938","page","type-page","status-publish","hentry"],"_links":{"self":[{"href":"https:\/\/www.stellwerk-zukunft.de\/index.php?rest_route=\/wp\/v2\/pages\/3938","targetHints":{"allow":["GET"]}}],"collection":[{"href":"https:\/\/www.stellwerk-zukunft.de\/index.php?rest_route=\/wp\/v2\/pages"}],"about":[{"href":"https:\/\/www.stellwerk-zukunft.de\/index.php?rest_route=\/wp\/v2\/types\/page"}],"author":[{"embeddable":true,"href":"https:\/\/www.stellwerk-zukunft.de\/index.php?rest_route=\/wp\/v2\/users\/2"}],"replies":[{"embeddable":true,"href":"https:\/\/www.stellwerk-zukunft.de\/index.php?rest_route=%2Fwp%2Fv2%2Fcomments&post=3938"}],"version-history":[{"count":78,"href":"https:\/\/www.stellwerk-zukunft.de\/index.php?rest_route=\/wp\/v2\/pages\/3938\/revisions"}],"predecessor-version":[{"id":6807,"href":"https:\/\/www.stellwerk-zukunft.de\/index.php?rest_route=\/wp\/v2\/pages\/3938\/revisions\/6807"}],"wp:attachment":[{"href":"https:\/\/www.stellwerk-zukunft.de\/index.php?rest_route=%2Fwp%2Fv2%2Fmedia&parent=3938"}],"curies":[{"name":"wp","href":"https:\/\/api.w.org\/{rel}","templated":true}]}}