{"id":4368,"date":"2019-06-19T19:04:26","date_gmt":"2019-06-19T17:04:26","guid":{"rendered":"https:\/\/www.stellwerk-zukunft.de\/?page_id=4368"},"modified":"2025-08-26T10:50:52","modified_gmt":"2025-08-26T08:50:52","slug":"hilfen-zur-erziehung-2-2-2-2-2","status":"publish","type":"page","link":"https:\/\/www.stellwerk-zukunft.de\/?page_id=4368","title":{"rendered":"Elterncoaching"},"content":{"rendered":"<div class=\"wpb-content-wrapper\"><p>[vc_row][vc_column width=&#8220;2\/3&#8243;][vc_empty_space]<h2 style=\"color:#578627;\" class=\" title left\">Systemisches Elterncoaching<\/h2>[vc_empty_space]<div class=\"nicdark_divider  left small \"><span style=\"background-color:#578627;\" class=\"nicdark_radius\"><\/span><\/div>[vc_empty_space][vc_column_text]<\/p>\n<p style=\"text-align: center;\"><span style=\"font-size: 8pt;\"><em>&#8222;F\u00fcnf Vors\u00e4tze f\u00fcr den Tag:<a href=\"https:\/\/www.stellwerk-zukunft.de\/wp-content\/uploads\/2019\/06\/AdobeStock_105763547-e1561020118608.jpg\"><img loading=\"lazy\" decoding=\"async\" class=\"alignright wp-image-4390 size-medium\" src=\"https:\/\/www.stellwerk-zukunft.de\/wp-content\/uploads\/2019\/06\/AdobeStock_105763547-300x200.jpg\" alt=\"\" width=\"300\" height=\"200\" \/><\/a><br \/>\nIch will bei der Wahrheit bleiben.<br \/>\nIch will mich keiner Ungerechtigkeit beugen.<br \/>\nIch will frei sein von Furcht.<br \/>\n<\/em><\/span><span style=\"font-size: 8pt;\"><em>Ich will keine Gewalt anwenden.<br \/>\nIch will in jedem zuerst das Gute sehen.&#8220;<\/em> <\/span><\/p>\n<p style=\"text-align: center;\"><span style=\"font-size: 8pt;\">Mahatma Gandhi<\/span><\/p>\n<p>[\/vc_column_text][vc_empty_space height=&#8220;12px&#8220;][vc_column_text]<\/p>\n<h3><span style=\"color: #578627;\">Zielgruppe:<\/span><\/h3>\n<p>&nbsp;<\/p>\n<p>Im systemischen Elterncoaching geht es darum, dass Eltern neue Kompetenzen im Umgang mit ihren Kindern in Konfliktsituationen erwerben\/aktivieren, um Gewalt und Eskalation bei Konflikten in einer neuen Art von Erziehungshaltung und Erziehungsverhalten zu ver\u00e4ndern. Die aus dem Konzept <em>Neue Autorit\u00e4t<\/em> hergeleiteten Interventionsm\u00f6glichkeiten zielen darauf ab, <strong>verlorengegangene Pr\u00e4senz wiederherzustellen <\/strong>und Beziehungen (wieder) aufzubauen.<\/p>\n<p>&nbsp;<\/p>\n<p>Ziel ist es, Eltern aus ihrer Hilflosigkeit herauszuholen, sie handlungsf\u00e4hig zu machen und die Beziehung zwischen Kind und Eltern wiederherzustellen. Das systemische Elterncoaching bietet Beratung an elterlicher Pr\u00e4senz, die es Eltern erm\u00f6glichen, kontinuierlich und gewaltfrei auf ihr Kind Einfluss zu nehmen.<\/p>\n<p>&nbsp;<\/p>\n<p>Eltern lernen die entstandenen Eskalationsprozesse zu erkennen und aus diesen auszusteigen, deeskalierend und beziehungsf\u00f6rdernd vorzugehen und anhand der Methoden der <em>Neuen Autorit\u00e4t,<\/em> eines transparenten \u00f6ffentlichen Vorgehens und der Nutzung eines Unterst\u00fctzungsnetzwerkes neue M\u00f6glichkeiten in der Entwicklung tragf\u00e4higer Beziehung verantwortlich zu entwickeln.<\/p>\n<h3><\/h3>\n<p>&nbsp;<\/p>\n<h3><span style=\"color: #578627;\">Bausteine der &#8222;Neuen Autorit\u00e4t&#8220;:<\/span><\/h3>\n<ul>\n<li>Verst\u00e4rkung\/ Unmittelbarkeit \/ Ignoranz Verz\u00f6gerung<\/li>\n<li>Kontrolle \/ Kontrollverlust vs. Selbstkontrolle<\/li>\n<li>Hierarchie\/ Willk\u00fcr \/ Unentschlossenheit vs. Transparenz und Vernetzung<\/li>\n<li>Strafe \/ keine Konsequenz &#8211; Wiedergutmachung<\/li>\n<li>Ich \/ Chaos \u2013 Wir<\/li>\n<li>&#8222;Einzelk\u00e4mpfer&#8220; \/ &#8222;Gr\u00fcppchenbildung&#8220; &#8211; Netzwerk<\/li>\n<\/ul>\n<p>Kurzfristig kann diese Methode zur effektiven Entsch\u00e4rfung von akuten Krisen und Problemen f\u00fchren. Auf l\u00e4ngere Sicht gesehen lernen Eltern verschiedene Modelle kennen, die sie selbst aktiv in ihren \u201eJob\u201c als Eltern einflie\u00dfen lassen k\u00f6nnen[\/vc_column_text][vc_empty_space][vc_empty_space height=&#8220;12px&#8220;][vc_row_inner css=&#8220;.vc_custom_1556200120104{background-color: #f4f4f4 !important;border-radius: 10px !important;}&#8220;][vc_column_inner width=&#8220;1\/6&#8243;][vc_icon icon_fontawesome=&#8220;fa fa-comments&#8220; color=&#8220;green&#8220; size=&#8220;xl&#8220; align=&#8220;right&#8220;][\/vc_column_inner][vc_column_inner width=&#8220;1\/3&#8243;][vc_column_text]<span style=\"font-size: 10pt;\">Ansprechpartnerin<\/span><br \/>\n<strong><span style=\"font-size: 10pt;\">Manuela Dr\u00f6ge<\/span><\/strong>[\/vc_column_text][vc_icon icon_fontawesome=&#8220;fa fa-envelope-open&#8220; color=&#8220;green&#8220; size=&#8220;xs&#8220; css=&#8220;.vc_custom_1556199359714{margin-top: -15px !important;margin-bottom: -5px !important;border-top-width: -15px !important;border-bottom-width: -5px !important;padding-top: -15px !important;padding-bottom: -5px !important;}&#8220; link=&#8220;url:mailto%3Adroege%40stellwerk-zukunft.de|||&#8220;][\/vc_column_inner][vc_column_inner width=&#8220;1\/6&#8243;][vc_icon icon_fontawesome=&#8220;fa fa-file-text&#8220; color=&#8220;green&#8220; size=&#8220;xl&#8220; align=&#8220;right&#8220; link=&#8220;url:https%3A%2F%2Fwww.stellwerk-zukunft.de%2Fwp-content%2Fuploads%2F2019%2F06%2FElterncoaching.pdf||target:%20_blank|&#8220;][\/vc_column_inner][vc_column_inner width=&#8220;1\/3&#8243;][vc_column_text]<a href=\"https:\/\/www.stellwerk-zukunft.de\/wp-content\/uploads\/2019\/06\/Elterncoaching.pdf\" target=\"_blank\" rel=\"noopener noreferrer\"><strong>Handout<\/strong> <\/a>&#8211; \u00dcberblick zum Elterncoaching bei Stellwerk Zukunft[\/vc_column_text][\/vc_column_inner][\/vc_row_inner][vc_empty_space][vc_column_text]<\/p>\n<p style=\"text-align: left;\"><span style=\"color: #578627;\">Interview mit Haim Omer zu &#8222;Neuer Autorit\u00e4t&#8220;<\/span><\/p>\n<p style=\"text-align: left;\">Workshop zu Gewaltlosem Widerstand in Wien, 2012<\/p>\n<p><iframe loading=\"lazy\" title=\"Interview mit Haim Omer zu &quot;Neue Autorit\u00e4t&quot;\" width=\"450\" height=\"338\" src=\"https:\/\/www.youtube.com\/embed\/91l8VxAzHbc?feature=oembed\" frameborder=\"0\" allow=\"accelerometer; autoplay; clipboard-write; encrypted-media; gyroscope; picture-in-picture; web-share\" referrerpolicy=\"strict-origin-when-cross-origin\" allowfullscreen><\/iframe><\/p>\n<p>[\/vc_column_text][\/vc_column][vc_column width=&#8220;1\/3&#8243;][vc_empty_space][vc_row_inner css=&#8220;.vc_custom_1556181889736{padding-top: 0px !important;padding-right: 0px !important;padding-bottom: 0px !important;padding-left: 0px !important;background-color: #f4f4f4 !important;border-radius: 10px !important;}&#8220;][vc_column_inner]\n\n    <div class=\" nicdark_archive1 nicdark_relative\">\n        \n        <div class=\"nicdark_btn_iconbg nicdark_bg_green nicdark_absolute extrabig nicdark_shadow nicdark_radius\"><div><i class=\"icon-info nicdark_iconbg left big white\"><\/i><\/div><\/div>\n    \n        <div class=\"nicdark_activity nicdark_marginleft100\">\n            <h4>eingesetzte Fachkr\u00e4fte<\/h4>                        \n            <div class=\"nicdark_space20\"><\/div>\n            <p>Die hier eingesetzten Kolleg\/innen haben eine Zusatzausbildung ``Systemisches Elterncoaching`` und vertreten die Grundhaltungen und Ideen des \u201eGewaltlosen Widerstandes\u201c sowie der \u201eElterlichen und Professionellen Pr\u00e4senz\u201c. Sie verf\u00fcgen \u00fcber eine mindestens 3-j\u00e4hrige familien-therapeutische\/systemische Weiterbildung an einem DGSF- bzw. SG-anerkannten Institut, sowie regelm\u00e4\u00dfige Supervision, Dokumentation und Evaluation.<\/p>\n            <div class=\"nicdark_space20\"><\/div>\n            \n            <div class=\"nicdark_space5\"><\/div>\n        <\/div>\n    <\/div>\n      \n   [\/vc_column_inner][\/vc_row_inner][vc_empty_space]<div class=\"nicdark_divider  left small \"><span style=\"background-color:#578627;\" class=\"nicdark_radius\"><\/span><\/div>[vc_empty_space]\n\n\n   <div class=\" nicdark_archive1 nicdark_bg_green nicdark_radius nicdark_shadow\">\n\n        <div class=\"nicdark_textevidence nicdark_width_percentage40 nicdark_width100_responsive\">\n            <img decoding=\"async\" alt=\"\" class=\"nicdark_radius_left nicdark_opacity\" src=\"https:\/\/www.stellwerk-zukunft.de\/wp-content\/uploads\/2019\/04\/Manuela_Droege-neu.jpg\">\n        <\/div>\n        \n        <div class=\"nicdark_textevidence nicdark_width_percentage60 nicdark_width100_responsive\">\n            <div class=\"nicdark_margin20\">\n            \n                <h4 class=\"white\">Manuela M\u00f6hlenkamp<\/h4>                        \n                <div class=\"nicdark_space20\"><\/div>\n                <div class=\"nicdark_divider left small\"><span class=\"nicdark_bg_white nicdark_radius\"><\/span><\/div>\n                <div class=\"nicdark_space20\"><\/div>\n                <p class=\"white\">Dipl. P\u00e4dagogin<br \/>\nSystem- und Familientherapeutin (DGSF)<br \/>\nSystemischer Coach (IFW)<\/p>\n                <div class=\"nicdark_space20\"><\/div>\n                \n\n            <\/div>\n        <\/div>\n\n        \n\n    <\/div>\n\n   [vc_row_inner][vc_column_inner width=&#8220;1\/2&#8243;][vc_icon type=&#8220;openiconic&#8220; icon_openiconic=&#8220;vc-oi vc-oi-info&#8220; color=&#8220;custom&#8220; size=&#8220;sm&#8220; align=&#8220;center&#8220; css=&#8220;&#8220; custom_color=&#8220;#578627&#8243; link=&#8220;url:https%3A%2F%2Fwww.stellwerk-zukunft.de%2F%3Fpage_id%3D3863|title:Infos%20zu%20Manuela%20M%C3%B6hlenkamp|target:_blank&#8220;][\/vc_column_inner][vc_column_inner width=&#8220;1\/2&#8243;][vc_icon icon_fontawesome=&#8220;fas fa-envelope&#8220; color=&#8220;custom&#8220; size=&#8220;sm&#8220; align=&#8220;center&#8220; css=&#8220;&#8220; custom_color=&#8220;#578627&#8243; link=&#8220;url:mailto%3Amoehlenkamp%40stellwerk-zukunft.de|title:e-Mail%20an%20Manuela%20M%C3%B6hlenkamp&#8220;][\/vc_column_inner][\/vc_row_inner]\n\n\n   <div class=\" nicdark_archive1 nicdark_bg_green nicdark_radius nicdark_shadow\">\n\n        <div class=\"nicdark_textevidence nicdark_width_percentage40 nicdark_width100_responsive\">\n            <img decoding=\"async\" alt=\"\" class=\"nicdark_radius_left nicdark_opacity\" src=\"https:\/\/www.stellwerk-zukunft.de\/wp-content\/uploads\/2019\/07\/Anna-1024x1024.jpg\">\n        <\/div>\n        \n        <div class=\"nicdark_textevidence nicdark_width_percentage60 nicdark_width100_responsive\">\n            <div class=\"nicdark_margin20\">\n            \n                <h4 class=\"white\">Anna Oevermann<\/h4>                        \n                <div class=\"nicdark_space20\"><\/div>\n                <div class=\"nicdark_divider left small\"><span class=\"nicdark_bg_white nicdark_radius\"><\/span><\/div>\n                <div class=\"nicdark_space20\"><\/div>\n                <p class=\"white\">Dipl. P\u00e4dagogin<br \/>\nSystem. Familientherapeutin (DGFS)<br \/>\nSystem. Coach der neuen Autorit\u00e4t<\/p>\n                <div class=\"nicdark_space20\"><\/div>\n                \n\n            <\/div>\n        <\/div>\n\n        \n\n    <\/div>\n\n   [vc_row_inner][vc_column_inner width=&#8220;1\/2&#8243;][vc_icon icon_fontawesome=&#8220;fa fa-info-circle&#8220; color=&#8220;custom&#8220; size=&#8220;sm&#8220; align=&#8220;center&#8220; custom_color=&#8220;#578627&#8243; link=&#8220;url:https%3A%2F%2Fwww.stellwerk-zukunft.de%2F%3Fpage_id%3D3885|title:Infos%20zu%20Anna%20Oevermann|target:%20_blank|&#8220;][\/vc_column_inner][vc_column_inner width=&#8220;1\/2&#8243;][vc_icon icon_fontawesome=&#8220;fa fa-envelope&#8220; color=&#8220;custom&#8220; size=&#8220;sm&#8220; align=&#8220;center&#8220; custom_color=&#8220;#578627&#8243; link=&#8220;url:mailto%3Aoevermann%40stellwerk-zukunft.de|title:e-Mail%20an%20Anna%20Oevermann||&#8220;][\/vc_column_inner][\/vc_row_inner][vc_empty_space]<div class=\"nicdark_divider  left small \"><span style=\"background-color:#578627;\" class=\"nicdark_radius\"><\/span><\/div>[vc_empty_space]\n\n    <div class=\" nicdark_archive1 nicdark_relative\">\n        \n        <div class=\"nicdark_btn_iconbg nicdark_bg_green nicdark_absolute extrabig nicdark_shadow nicdark_radius\"><div><i class=\"icon-attention-filled nicdark_iconbg left big white\"><\/i><\/div><\/div>\n    \n        <div class=\"nicdark_activity nicdark_marginleft100\">\n            <h4>Spezialangebot im SR 1 (LK OS)<\/h4>                        \n            <div class=\"nicdark_space20\"><\/div>\n            <p>Mit FACT bieten wir im Sozialraum Artland\/F\u00fcrstenau ein kurzfristiges und begrenztes Beratungsangebot auf Grundlage der Methoden des Elterncoachings im Rahmen einer Mini-Fallpauschale<\/p>\n            <div class=\"nicdark_space20\"><\/div>\n             <a target=\"_blank\" href=\"https:\/\/www.stellwerk-zukunft.de\/wp-content\/uploads\/2019\/06\/FACT.pdf\" class=\"nicdark_btn grey\"><i class=\"icon-right-open-outline\"><\/i> FACT Kurzkonzept<\/a> \n            <div class=\"nicdark_space5\"><\/div>\n        <\/div>\n    <\/div>\n      \n   [\/vc_column][\/vc_row][vc_row css=&#8220;.vc_custom_1452691332639{margin-top: 40px !important;margin-bottom: 40px !important;}&#8220;][vc_column css=&#8220;.vc_custom_1452702212154{padding-right: 0px !important;padding-left: 0px !important;}&#8220;]<h2 style=\"color:#578627;\" class=\" title left\">Spezielle Angebote im Bereich der Hilfen zur Erziehung:<\/h2>[vc_empty_space height=&#8220;12px&#8220;]<div class=\"nicdark_divider  left small \"><span style=\"background-color:#578627;\" class=\"nicdark_radius\"><\/span><\/div>[\/vc_column][\/vc_row][vc_row css=&#8220;.vc_custom_1556032568198{padding-top: 30px !important;padding-bottom: 10px !important;background-color: #578627 !important;background-position: center !important;background-repeat: no-repeat !important;background-size: cover !important;}&#8220;][vc_column width=&#8220;1\/4&#8243;][vc_btn title=&#8220;Systemisches ambulantes Clearing&#8220; style=&#8220;3d&#8220; color=&#8220;default&#8220; link=&#8220;url:https%3A%2F%2Fwww.stellwerk-zukunft.de%2F%3Fpage_id%3D4049|||&#8220;][vc_btn title=&#8220;Gruppen- und Freizeitangebot&#8220; style=&#8220;3d&#8220; color=&#8220;default&#8220; link=&#8220;|||&#8220;][\/vc_column][vc_column width=&#8220;1\/4&#8243;][vc_btn title=&#8220;passgenaue Hilfen (SPFH, EZB etc.)&#8220; style=&#8220;3d&#8220; color=&#8220;default&#8220; link=&#8220;url:https%3A%2F%2Fwww.stellwerk-zukunft.de%2F%3Fpage_id%3D3759|||&#8220;][vc_btn title=&#8220;Multi-Familien-Therapie (MFT)&#8220; style=&#8220;3d&#8220; color=&#8220;default&#8220; link=&#8220;|||&#8220;][\/vc_column][vc_column width=&#8220;1\/4&#8243;][vc_btn title=&#8220;aufsuchende Familientherapie (AFT)&#8220; style=&#8220;3d&#8220; color=&#8220;default&#8220; link=&#8220;url:https%3A%2F%2Fwww.stellwerk-zukunft.de%2F%3Fpage_id%3D4337|title:Aufsuchende%20Familientherapie||&#8220;][vc_btn title=&#8220;Fachberatung und Fortbildung&#8220; style=&#8220;3d&#8220; color=&#8220;default&#8220; link=&#8220;|||&#8220;][\/vc_column][vc_column width=&#8220;1\/4&#8243;][vc_btn title=&#8220;Systemisches Elterncoaching&#8220; style=&#8220;3d&#8220; color=&#8220;default&#8220; link=&#8220;url:https%3A%2F%2Fwww.stellwerk-zukunft.de%2F%3Fpage_id%3D4368|title:Elterncoaching||&#8220;][\/vc_column][\/vc_row][vc_row][vc_column][vc_column_text]<\/p>\n<p>[\/vc_column_text][\/vc_column][\/vc_row]<\/p>\n<\/div>","protected":false},"excerpt":{"rendered":"<p>[vc_row][vc_column width=&#8220;2\/3&#8243;][vc_empty_space][vc_empty_space][vc_empty_space][vc_column_text] &#8222;F\u00fcnf Vors\u00e4tze f\u00fcr den Tag: Ich will bei der Wahrheit bleiben. Ich will mich keiner Ungerechtigkeit beugen. Ich will frei sein von Furcht. Ich will keine Gewalt anwenden. Ich will in jedem zuerst das Gute sehen.&#8220; Mahatma Gandhi [\/vc_column_text][vc_empty_space height=&#8220;12px&#8220;][vc_column_text] Zielgruppe: &nbsp; Im systemischen Elterncoaching geht es darum, dass Eltern neue Kompetenzen im &#8230;<\/p>\n","protected":false},"author":2,"featured_media":0,"parent":0,"menu_order":0,"comment_status":"closed","ping_status":"closed","template":"","meta":{"footnotes":""},"class_list":["post-4368","page","type-page","status-publish","hentry"],"_links":{"self":[{"href":"https:\/\/www.stellwerk-zukunft.de\/index.php?rest_route=\/wp\/v2\/pages\/4368","targetHints":{"allow":["GET"]}}],"collection":[{"href":"https:\/\/www.stellwerk-zukunft.de\/index.php?rest_route=\/wp\/v2\/pages"}],"about":[{"href":"https:\/\/www.stellwerk-zukunft.de\/index.php?rest_route=\/wp\/v2\/types\/page"}],"author":[{"embeddable":true,"href":"https:\/\/www.stellwerk-zukunft.de\/index.php?rest_route=\/wp\/v2\/users\/2"}],"replies":[{"embeddable":true,"href":"https:\/\/www.stellwerk-zukunft.de\/index.php?rest_route=%2Fwp%2Fv2%2Fcomments&post=4368"}],"version-history":[{"count":29,"href":"https:\/\/www.stellwerk-zukunft.de\/index.php?rest_route=\/wp\/v2\/pages\/4368\/revisions"}],"predecessor-version":[{"id":6821,"href":"https:\/\/www.stellwerk-zukunft.de\/index.php?rest_route=\/wp\/v2\/pages\/4368\/revisions\/6821"}],"wp:attachment":[{"href":"https:\/\/www.stellwerk-zukunft.de\/index.php?rest_route=%2Fwp%2Fv2%2Fmedia&parent=4368"}],"curies":[{"name":"wp","href":"https:\/\/api.w.org\/{rel}","templated":true}]}}