{"id":4469,"date":"2019-09-20T16:37:13","date_gmt":"2019-09-20T14:37:13","guid":{"rendered":"https:\/\/www.stellwerk-zukunft.de\/?page_id=4469"},"modified":"2023-11-28T11:04:34","modified_gmt":"2023-11-28T10:04:34","slug":"jugend-und-schule-2-2","status":"publish","type":"page","link":"https:\/\/www.stellwerk-zukunft.de\/?page_id=4469","title":{"rendered":"Kinderrechte Workshop"},"content":{"rendered":"<div class=\"wpb-content-wrapper\"><p>[vc_row][vc_column width=&#8220;2\/3&#8243;][vc_empty_space]<h2 style=\"color:#004b7a;\" class=\" title left\">Kinderrechte und Beteiligung - Materialien zur Nutzung<\/h2>[vc_empty_space]<div class=\"nicdark_divider  left small \"><span style=\"background-color:#004b7a;\" class=\"nicdark_radius\"><\/span><\/div>[vc_empty_space][vc_column_text]Im Rahmen der Entwicklung von Schutzkonzepten und Risiko- und Ressourcen-Analysen des <a href=\"https:\/\/www.stellwerk-zukunft.de\/wp-content\/uploads\/2019\/09\/DKSB-Logo.jpg\"><img loading=\"lazy\" decoding=\"async\" class=\"alignright wp-image-4482 size-medium\" src=\"https:\/\/www.stellwerk-zukunft.de\/wp-content\/uploads\/2019\/09\/DKSB-Logo-300x92.jpg\" alt=\"\" width=\"300\" height=\"92\" srcset=\"https:\/\/www.stellwerk-zukunft.de\/wp-content\/uploads\/2019\/09\/DKSB-Logo-300x92.jpg 300w, https:\/\/www.stellwerk-zukunft.de\/wp-content\/uploads\/2019\/09\/DKSB-Logo-768x236.jpg 768w, https:\/\/www.stellwerk-zukunft.de\/wp-content\/uploads\/2019\/09\/DKSB-Logo.jpg 903w\" sizes=\"auto, (max-width: 300px) 100vw, 300px\" \/><\/a>Deutschen Kinderschutzbundes Landesverband Niedersachsen f\u00fchren wir als einen Baustein im Verlauf Kinderrechte-Workshops mit Kindern und Jugendlichen durch. Materialien und B\u00fccher, die wir in diesere Arbeit mit dem DKSB nutzen, stellen wir Interessierten zur eigenen Arbeit gerne in der ausf\u00fchrlichen B\u00fccher-, Methoden- und Materialliste vor. Au\u00dferdem verlinken wir hier einige Materialien anderer Institutionen, die wir als lesenwert betrachen.<\/p>\n<p>&nbsp;<\/p>\n<h3><span style=\"color: #004b7a;\">eigene Materialien: <\/span><\/h3>\n<p>[\/vc_column_text][vc_empty_space height=&#8220;12px&#8220;][vc_row_inner][vc_column_inner width=&#8220;1\/4&#8243;][vc_icon icon_fontawesome=&#8220;fa fa-info-circle&#8220; size=&#8220;lg&#8220; align=&#8220;right&#8220; link=&#8220;url:https%3A%2F%2Fwww.stellwerk-zukunft.de%2Fwp-content%2Fuploads%2F2019%2F09%2FMaterial-Methodenliste.pdf||target:%20_blank|&#8220;][\/vc_column_inner][vc_column_inner width=&#8220;3\/4&#8243;][vc_column_text]Ausf\u00fchrliche B\u00fccher-, Methoden- und Materialliste \u201e<a href=\"https:\/\/www.stellwerk-zukunft.de\/wp-content\/uploads\/2019\/09\/Material-Methodenliste.pdf\" target=\"_blank\" rel=\"noopener noreferrer\"><span style=\"color: #004b7a;\">Arbeiten mit Kinderrechten<\/span><\/a>\u201c mit Fach- und Bilderb\u00fcchern, hilfreichen Web-Adressen und Bestellm\u00f6glichkeiten[\/vc_column_text][\/vc_column_inner][\/vc_row_inner][vc_column_text]<a href=\"https:\/\/www.stellwerk-zukunft.de\/wp-content\/uploads\/2019\/09\/IMG_4243.jpg\"><img loading=\"lazy\" decoding=\"async\" class=\"alignnone wp-image-4478 size-medium aligncenter\" src=\"https:\/\/www.stellwerk-zukunft.de\/wp-content\/uploads\/2019\/09\/IMG_4243-300x225.jpg\" alt=\"\" width=\"300\" height=\"225\" srcset=\"https:\/\/www.stellwerk-zukunft.de\/wp-content\/uploads\/2019\/09\/IMG_4243-300x225.jpg 300w, https:\/\/www.stellwerk-zukunft.de\/wp-content\/uploads\/2019\/09\/IMG_4243-768x576.jpg 768w, https:\/\/www.stellwerk-zukunft.de\/wp-content\/uploads\/2019\/09\/IMG_4243-1024x768.jpg 1024w, https:\/\/www.stellwerk-zukunft.de\/wp-content\/uploads\/2019\/09\/IMG_4243-1180x885.jpg 1180w, https:\/\/www.stellwerk-zukunft.de\/wp-content\/uploads\/2019\/09\/IMG_4243.jpg 2016w\" sizes=\"auto, (max-width: 300px) 100vw, 300px\" \/><\/a><\/p>\n<p>&nbsp;<\/p>\n<h3><span style=\"color: #004b7a;\">Fremdmaterialien:<\/span><\/h3>\n<p>&nbsp;<\/p>\n<p>[\/vc_column_text][vc_row_inner][vc_column_inner width=&#8220;1\/4&#8243;][vc_icon icon_fontawesome=&#8220;fa fa-file-pdf-o&#8220; size=&#8220;lg&#8220; align=&#8220;right&#8220; link=&#8220;url:https%3A%2F%2Fwww.stellwerk-zukunft.de%2Fwp-content%2Fuploads%2F2019%2F09%2FROL_DKSB_Brosch_5-8_Web.pdf||target:%20_blank|&#8220;][\/vc_column_inner][vc_column_inner width=&#8220;3\/4&#8243;][vc_column_text]\u201e<a href=\"https:\/\/www.stellwerk-zukunft.de\/wp-content\/uploads\/2019\/09\/ROL_DKSB_Brosch_5-8_Web.pdf\" target=\"_blank\" rel=\"noopener noreferrer\">Meine Rechte &#8211; 5-8 Jahre<\/a>\u201c &#8211; DKSB und ROLAND[\/vc_column_text][\/vc_column_inner][\/vc_row_inner][vc_row_inner][vc_column_inner width=&#8220;1\/4&#8243;][vc_icon icon_fontawesome=&#8220;fa fa-file-pdf-o&#8220; size=&#8220;lg&#8220; align=&#8220;right&#8220; link=&#8220;url:https%3A%2F%2Fwww.stellwerk-zukunft.de%2Fwp-content%2Fuploads%2F2019%2F09%2FROL_DKSB_Brosch_9-12_Web.pdf||target:%20_blank|&#8220;][\/vc_column_inner][vc_column_inner width=&#8220;3\/4&#8243;][vc_column_text]\u201e<a href=\"https:\/\/www.stellwerk-zukunft.de\/wp-content\/uploads\/2019\/09\/ROL_DKSB_Brosch_9-12_Web.pdf\" target=\"_blank\" rel=\"noopener noreferrer\">Meine Rechte &#8211; 9-12 Jahre<\/a>\u201c &#8211; DKSB und ROLAND[\/vc_column_text][\/vc_column_inner][\/vc_row_inner][vc_row_inner][vc_column_inner width=&#8220;1\/4&#8243;][vc_icon icon_fontawesome=&#8220;fa fa-file-pdf-o&#8220; size=&#8220;lg&#8220; align=&#8220;right&#8220; link=&#8220;url:https%3A%2F%2Fwww.stellwerk-zukunft.de%2Fwp-content%2Fuploads%2F2019%2F09%2FROL_DKSB_Brosch_13-18_Web.pdf||target:%20_blank|&#8220;][\/vc_column_inner][vc_column_inner width=&#8220;3\/4&#8243;][vc_column_text]\u201e<a href=\"https:\/\/www.stellwerk-zukunft.de\/wp-content\/uploads\/2019\/09\/ROL_DKSB_Brosch_13-18_Web.pdf\" target=\"_blank\" rel=\"noopener noreferrer\">Meine Rechte &#8211; 13-18 Jahre<\/a>\u201c &#8211; DKSB und ROLAND[\/vc_column_text][\/vc_column_inner][\/vc_row_inner][vc_row_inner][vc_column_inner width=&#8220;1\/4&#8243;][vc_icon icon_fontawesome=&#8220;fa fa-sign-in&#8220; size=&#8220;lg&#8220; align=&#8220;right&#8220; link=&#8220;url:https%3A%2F%2Fwww2.wir-falken.de%2Fuploads%2Fmethodenbuch_kinderrechte.pdf||target:%20_blank|&#8220;][\/vc_column_inner][vc_column_inner width=&#8220;3\/4&#8243;][vc_column_text]Ideen f\u00fcr Gruppenstunden pr\u00e4sentieren SJD Die Falken in &#8222;<a href=\"https:\/\/www2.wir-falken.de\/uploads\/methodenbuch_kinderrechte.pdf\" target=\"_blank\" rel=\"noopener noreferrer\">Hand in Hand f\u00fcr Kinderrechte<\/a>&#8222;[\/vc_column_text][\/vc_column_inner][\/vc_row_inner][vc_row_inner][vc_column_inner width=&#8220;1\/4&#8243;][vc_icon icon_fontawesome=&#8220;fa fa-sign-in&#8220; size=&#8220;lg&#8220; align=&#8220;right&#8220; link=&#8220;url:https%3A%2F%2Fwww.unicef.de%2Finformieren%2Fschulen%2Funterrichtsmaterial%2F-%2Fkinderrechte%2F107392||target:%20_blank|&#8220;][\/vc_column_inner][vc_column_inner width=&#8220;3\/4&#8243;][vc_column_text]unicef stellt Materialien und Links auf ihrer Seite &#8222;<a href=\"https:\/\/www.unicef.de\/informieren\/schulen\/unterrichtsmaterial\/-\/kinderrechte\/107392\" target=\"_blank\" rel=\"noopener noreferrer\">Kinderrechte f\u00fcr Kinder erkl\u00e4rt<\/a>&#8220; bereit[\/vc_column_text][\/vc_column_inner][\/vc_row_inner][vc_empty_space height=&#8220;12px&#8220;][\/vc_column][vc_column width=&#8220;1\/3&#8243;][vc_empty_space][vc_column_text]<\/p>\n<h3>Wir helfen auch gerne weiter:<\/h3>\n<p>[\/vc_column_text][vc_empty_space height=&#8220;12px&#8220;][vc_row_inner][vc_column_inner][\/vc_column_inner][\/vc_row_inner][vc_empty_space height=&#8220;12px&#8220;]\n\n\n   <div class=\" nicdark_archive1 nicdark_bg_blue nicdark_radius nicdark_shadow\">\n\n        <div class=\"nicdark_textevidence nicdark_width_percentage40 nicdark_width100_responsive\">\n            <img decoding=\"async\" alt=\"\" class=\"nicdark_radius_left nicdark_opacity\" src=\"https:\/\/www.stellwerk-zukunft.de\/wp-content\/uploads\/2015\/12\/Uwe_Helmes-1-350px.jpg\">\n        <\/div>\n        \n        <div class=\"nicdark_textevidence nicdark_width_percentage60 nicdark_width100_responsive\">\n            <div class=\"nicdark_margin20\">\n            \n                <h4 class=\"white\">Uwe Helmes<\/h4>                        \n                <div class=\"nicdark_space20\"><\/div>\n                <div class=\"nicdark_divider left small\"><span class=\"nicdark_bg_white nicdark_radius\"><\/span><\/div>\n                <div class=\"nicdark_space20\"><\/div>\n                <p class=\"white\">Dipl. Soz. P\u00e4d.\/Soz. Arb.<br \/>\nModerator und Trainer zur Qualifizierung von MultiplikatorInnen f\u00fcr Beteiligungsprozesse (DKHW)<\/p>\n                <div class=\"nicdark_space20\"><\/div>\n                \n\n            <\/div>\n        <\/div>\n\n        \n\n    <\/div>\n\n   [vc_row_inner][vc_column_inner width=&#8220;1\/2&#8243;][vc_icon icon_fontawesome=&#8220;fa fa-info-circle&#8220; color=&#8220;custom&#8220; size=&#8220;sm&#8220; align=&#8220;center&#8220; custom_color=&#8220;#004b7a&#8220; link=&#8220;url:https%3A%2F%2Fwww.stellwerk-zukunft.de%2F%3Fpage_id%3D211|title:Infos%20zu%20Uwe%20Helmes|target:%20_blank|&#8220;][\/vc_column_inner][vc_column_inner width=&#8220;1\/2&#8243;][vc_icon type=&#8220;openiconic&#8220; icon_openiconic=&#8220;vc-oi vc-oi-mail&#8220; color=&#8220;custom&#8220; size=&#8220;sm&#8220; align=&#8220;center&#8220; custom_color=&#8220;#004b7a&#8220; link=&#8220;url:mailto%3Au.helmes%40stellwerk-zukunft.de|title:e-mail%20an%20Uwe%20Helmes||&#8220;][\/vc_column_inner][\/vc_row_inner][vc_empty_space height=&#8220;12px&#8220;]\n\n\n   <div class=\" nicdark_archive1 nicdark_bg_blue nicdark_radius nicdark_shadow\">\n\n        <div class=\"nicdark_textevidence nicdark_width_percentage40 nicdark_width100_responsive\">\n            <img decoding=\"async\" alt=\"\" class=\"nicdark_radius_left nicdark_opacity\" src=\"https:\/\/www.stellwerk-zukunft.de\/wp-content\/uploads\/2019\/09\/Eva-Marie00-996x1024.jpg\">\n        <\/div>\n        \n        <div class=\"nicdark_textevidence nicdark_width_percentage60 nicdark_width100_responsive\">\n            <div class=\"nicdark_margin20\">\n            \n                <h4 class=\"white\">Eva-Marie Schonh\u00f6ft<\/h4>                        \n                <div class=\"nicdark_space20\"><\/div>\n                <div class=\"nicdark_divider left small\"><span class=\"nicdark_bg_white nicdark_radius\"><\/span><\/div>\n                <div class=\"nicdark_space20\"><\/div>\n                <p class=\"white\">Diplom P\u00e4dagogin<\/p>\n                <div class=\"nicdark_space20\"><\/div>\n                \n\n            <\/div>\n        <\/div>\n\n        \n\n    <\/div>\n\n   [vc_icon type=&#8220;openiconic&#8220; icon_openiconic=&#8220;vc-oi vc-oi-mail&#8220; color=&#8220;custom&#8220; size=&#8220;sm&#8220; align=&#8220;center&#8220; custom_color=&#8220;#004b7a&#8220; link=&#8220;url:mailto%3Aschonhoeft%40stellwerk-zukunft.de|title:e-Mail%20an%20Eva-Marie%20Schonh%C3%B6ft||&#8220;][\/vc_column][vc_column]<h2 style=\"color:#004b7a;\" class=\" title left\">Spezielle Angebote im Bereich Jugend und Schule:<\/h2>[vc_empty_space]<div class=\"nicdark_divider  left small \"><span style=\"background-color:#004b7a;\" class=\"nicdark_radius\"><\/span><\/div>[vc_empty_space height=&#8220;12px&#8220;][\/vc_column][\/vc_row][vc_row imgparallax=&#8220;yes&#8220; srcparallax=&#8220;2925&#8243; css=&#8220;.vc_custom_1561023068063{padding-top: 40px !important;padding-bottom: 40px !important;background: #004b7a url(http:\/\/www.stellwerk-zukunft.de\/wp-content\/uploads\/2015\/12\/1920&#215;1280-1180&#215;787-mod.jpg?id=2925) !important;background-position: center !important;background-repeat: no-repeat !important;background-size: cover !important;}&#8220;][vc_column width=&#8220;1\/4&#8243;][vc_btn title=&#8220;Klassenfahrten an den D\u00fcmmer&#8220; style=&#8220;3d&#8220; color=&#8220;default&#8220; link=&#8220;|||&#8220;][vc_btn title=&#8220;M\u00e4dchen-\/ Jungengruppe&#8220; style=&#8220;3d&#8220; color=&#8220;default&#8220; link=&#8220;|||&#8220;][\/vc_column][vc_column width=&#8220;1\/4&#8243;][vc_btn title=&#8220;Moderation und Veranstaltungen&#8220; style=&#8220;3d&#8220; color=&#8220;default&#8220; link=&#8220;|||&#8220;][vc_btn title=&#8220;Sozialer Trainingskurs (JGH)&#8220; style=&#8220;3d&#8220; color=&#8220;default&#8220; link=&#8220;|||&#8220;][\/vc_column][vc_column width=&#8220;1\/4&#8243;][vc_btn title=&#8220;Partizipation und Jugendarbeit&#8220; style=&#8220;3d&#8220; color=&#8220;default&#8220; link=&#8220;|||&#8220;][vc_btn title=&#8220;Fachberatung und Fortbildung&#8220; style=&#8220;3d&#8220; color=&#8220;default&#8220; link=&#8220;|||&#8220;][\/vc_column][vc_column width=&#8220;1\/4&#8243;][vc_btn title=&#8220;Soziales Kompetenztraining &amp; Kurse&#8220; style=&#8220;3d&#8220; color=&#8220;default&#8220; link=&#8220;|||&#8220;][\/vc_column][\/vc_row][vc_row][vc_column][vc_column_text]<\/p>\n<p>[\/vc_column_text][\/vc_column][\/vc_row]<\/p>\n<\/div>","protected":false},"excerpt":{"rendered":"<p>[vc_row][vc_column width=&#8220;2\/3&#8243;][vc_empty_space][vc_empty_space][vc_empty_space][vc_column_text]Im Rahmen der Entwicklung von Schutzkonzepten und Risiko- und Ressourcen-Analysen des Deutschen Kinderschutzbundes Landesverband Niedersachsen f\u00fchren wir als einen Baustein im Verlauf Kinderrechte-Workshops mit Kindern und Jugendlichen durch. Materialien und B\u00fccher, die wir in diesere Arbeit mit dem DKSB nutzen, stellen wir Interessierten zur eigenen Arbeit gerne in der ausf\u00fchrlichen B\u00fccher-, Methoden- und Materialliste &#8230;<\/p>\n","protected":false},"author":2,"featured_media":0,"parent":0,"menu_order":0,"comment_status":"closed","ping_status":"closed","template":"","meta":{"footnotes":""},"class_list":["post-4469","page","type-page","status-publish","hentry"],"_links":{"self":[{"href":"https:\/\/www.stellwerk-zukunft.de\/index.php?rest_route=\/wp\/v2\/pages\/4469","targetHints":{"allow":["GET"]}}],"collection":[{"href":"https:\/\/www.stellwerk-zukunft.de\/index.php?rest_route=\/wp\/v2\/pages"}],"about":[{"href":"https:\/\/www.stellwerk-zukunft.de\/index.php?rest_route=\/wp\/v2\/types\/page"}],"author":[{"embeddable":true,"href":"https:\/\/www.stellwerk-zukunft.de\/index.php?rest_route=\/wp\/v2\/users\/2"}],"replies":[{"embeddable":true,"href":"https:\/\/www.stellwerk-zukunft.de\/index.php?rest_route=%2Fwp%2Fv2%2Fcomments&post=4469"}],"version-history":[{"count":14,"href":"https:\/\/www.stellwerk-zukunft.de\/index.php?rest_route=\/wp\/v2\/pages\/4469\/revisions"}],"predecessor-version":[{"id":6754,"href":"https:\/\/www.stellwerk-zukunft.de\/index.php?rest_route=\/wp\/v2\/pages\/4469\/revisions\/6754"}],"wp:attachment":[{"href":"https:\/\/www.stellwerk-zukunft.de\/index.php?rest_route=%2Fwp%2Fv2%2Fmedia&parent=4469"}],"curies":[{"name":"wp","href":"https:\/\/api.w.org\/{rel}","templated":true}]}}