{"id":4606,"date":"2020-02-04T17:48:19","date_gmt":"2020-02-04T16:48:19","guid":{"rendered":"https:\/\/www.stellwerk-zukunft.de\/?page_id=4606"},"modified":"2025-12-28T17:03:48","modified_gmt":"2025-12-28T16:03:48","slug":"manuela-droege-2-6","status":"publish","type":"page","link":"https:\/\/www.stellwerk-zukunft.de\/?page_id=4606","title":{"rendered":"Team"},"content":{"rendered":"<div class=\"wpb-content-wrapper\"><p>[vc_row css=&#8220;.vc_custom_1422897311950{margin-top: 60px !important;}&#8220; idsection=&#8220;intro-row-single-teacher&#8220;][vc_column width=&#8220;1\/4&#8243; el_class=&#8220;nicdark_center&#8220; css=&#8220;.vc_custom_1462626907798{margin-bottom: 20px !important;}&#8220;]<div class=\"nicdark_divider  left small \"><span style=\"background-color:#f79c00;\" class=\"nicdark_radius\"><\/span><\/div>[vc_empty_space height=&#8220;20px&#8220;][vc_column_text]aktuelle Stellenausschreibungen:[\/vc_column_text][vc_empty_space height=&#8220;20px&#8220;][vc_column_text css=&#8220;&#8220;]<\/p>\n<p style=\"text-align: left;\">wir suchen aktuelle eine Fachkraft (m\u00f6glichst mit systemischer Zusatzausbildung) f\u00fcr unsere Arbeit in der<\/p>\n<p style=\"text-align: left;\"><span style=\"color: #ff9900;\"><a style=\"color: #ff9900;\" href=\"https:\/\/www.stellwerk-zukunft.de\/wp-content\/uploads\/2025\/12\/Ausschreibung-Quakenbrueck.pdf\" target=\"_blank\" rel=\"noopener\">Familienhilfe Nordkreis Osnabr\u00fcck<\/a><\/span><\/p>\n<p>[\/vc_column_text][vc_empty_space height=&#8220;12px&#8220;][\/vc_column][vc_column width=&#8220;1\/2&#8243; css=&#8220;.vc_custom_1422897532916{margin-bottom: 20px !important;}&#8220;][vc_empty_space height=&#8220;6px&#8220;][vc_column_text]Seit 2007 arbeitet STELLWERK ZUKUNFT als Tr\u00e4ger der freien Jugendhilfe &#8211; oder besser: arbeiten Menschen unter dem Etikett STELLWERK ZUKUNFT mit Kindern, Jugendlichen, Familien und Gruppen; und zwar lieber an L\u00f6sungen als an Problemen.<\/p>\n<p>Fast 40 Mitarbeiter*innen engagieren sich oftmals \u00fcber das \u00fcbliche Ma\u00df hinaus und immer mit viel Hoffnung.<\/p>\n<p>&nbsp;<\/p>\n<p>Uns liegen die Menschen (Gruppen, Familien) mit denen wir arbeiten am Herzen, aber auch wir selber. Deshalb geh\u00f6ren neben der fachlichen Arbeit bei STELLWERK ZUKUNFT auch ein guter Umgang und Austausch miteinander und Begegnungen zwischen den verschiedenen Teams und Fachbereichen zum Programm.<\/p>\n<p>&nbsp;<\/p>\n<p><a href=\"https:\/\/www.stellwerk-zukunft.de\/wp-content\/uploads\/2020\/02\/20190524_181345-scaled.jpg\" target=\"_blank\" rel=\"noopener noreferrer\"><img loading=\"lazy\" decoding=\"async\" class=\"aligncenter wp-image-4605 size-medium\" src=\"https:\/\/www.stellwerk-zukunft.de\/wp-content\/uploads\/2020\/02\/20190524_181345-300x146.jpg\" alt=\"\" width=\"300\" height=\"146\" srcset=\"https:\/\/www.stellwerk-zukunft.de\/wp-content\/uploads\/2020\/02\/20190524_181345-300x146.jpg 300w, https:\/\/www.stellwerk-zukunft.de\/wp-content\/uploads\/2020\/02\/20190524_181345-1024x498.jpg 1024w, https:\/\/www.stellwerk-zukunft.de\/wp-content\/uploads\/2020\/02\/20190524_181345-768x373.jpg 768w, https:\/\/www.stellwerk-zukunft.de\/wp-content\/uploads\/2020\/02\/20190524_181345-1536x747.jpg 1536w, https:\/\/www.stellwerk-zukunft.de\/wp-content\/uploads\/2020\/02\/20190524_181345-2048x996.jpg 2048w, https:\/\/www.stellwerk-zukunft.de\/wp-content\/uploads\/2020\/02\/20190524_181345-1180x574.jpg 1180w\" sizes=\"auto, (max-width: 300px) 100vw, 300px\" \/><\/a><\/p>\n<p>&nbsp;<\/p>\n<p>Wir wissen, dass die Arbeit und unser Anspruch manchmal ganz sch\u00f6n viel von allen STELLWERKER*INNEN verlangt. Deshalb sorgen wir f\u00fcr faire und gute Rahmenbedingungen, indem wir<\/p>\n<ul>\n<li>nach Tarif bezahlen (TV\u00f6D Sozial- und Erziehungsdienst).<\/li>\n<li>manchmal Mehrarbeit verlangen, aber nie unbezahlte \u00dcberstunden.<\/li>\n<li>Fortbildungen finanziell und zeitlich erm\u00f6glichen und Weiterbildungen mittragen.<\/li>\n<li>die Nutzung eines privaten PKWs fair verg\u00fcten.<\/li>\n<li>je nach wirtschaftlicher M\u00f6glichkeit Sonderleistungen bereitstellen, wie steuerfreie Sachbez\u00fcge und die kostenlose Teilnbahme am Firmen-Fitness-Programm Hansefit .<a href=\"https:\/\/www.stellwerk-zukunft.de\/wp-content\/uploads\/2020\/02\/Hansefit.jpg\"><img loading=\"lazy\" decoding=\"async\" class=\"wp-image-4650 size-full alignright\" src=\"https:\/\/www.stellwerk-zukunft.de\/wp-content\/uploads\/2020\/02\/Hansefit.jpg\" alt=\"\" width=\"159\" height=\"80\" \/><\/a><\/li>\n<\/ul>\n<p>&nbsp;<\/p>\n<p>[\/vc_column_text][vc_empty_space][vc_empty_space]<div class=\"nicdark_divider  left small \"><span style=\"background-color:#f79c00;\" class=\"nicdark_radius\"><\/span><\/div>[vc_empty_space height=&#8220;46px&#8220;][vc_single_image image=&#8220;4636&#8243; img_size=&#8220;medium&#8220; alignment=&#8220;center&#8220; style=&#8220;vc_box_shadow_3d&#8220;][\/vc_column][vc_column width=&#8220;1\/4&#8243; css=&#8220;.vc_custom_1422897539084{margin-bottom: 20px !important;}&#8220;][vc_empty_space height=&#8220;6px&#8220;]<h3 style=\"color:;\" class=\" subtitle left\">WIE WIR ARBEITEN<\/h3>[vc_empty_space height=&#8220;12px&#8220;]<div class=\"nicdark_divider  left small \"><span style=\"background-color:#f49f00;\" class=\"nicdark_radius\"><\/span><\/div>[vc_empty_space][vc_column_text]Menschen, Familien und Gruppen ein St\u00fcck ihres Weges zu begleiten bedeutet f\u00fcr uns &#8230;[\/vc_column_text][vc_empty_space height=&#8220;6px&#8220;][vc_btn title=&#8220;hier unser LEITBILD&#8220; color=&#8220;warning&#8220; size=&#8220;sm&#8220; i_icon_fontawesome=&#8220;fab fa-gratipay&#8220; add_icon=&#8220;true&#8220; link=&#8220;url:https%3A%2F%2Fwww.stellwerk-zukunft.de%2Fwp-content%2Fuploads%2F2020%2F02%2FLeitbild-Stellwerk-Zukunft.pdf|title:Leitbild%20Stellwerk%20Zukunft|target:%20_blank|&#8220;][\/vc_column][\/vc_row][vc_row imgparallax=&#8220;yes&#8220; srcparallax=&#8220;2615&#8243; idparallax=&#8220;teacherparal&#8220; css=&#8220;.vc_custom_1450188577002{margin-top: 20px !important;margin-bottom: 0px !important;}&#8220; idsection=&#8220;signature-row-single-teacher&#8220;][vc_column css=&#8220;.vc_custom_1421224569819{margin-top: 100px !important;margin-bottom: 100px !important;}&#8220;]<h2 style=\"color:#ffffff;\" class=\" subtitle center\">By making yourself better, that's how you make your team better.<\/h2>[vc_empty_space height=&#8220;20px&#8220;]<div class=\"nicdark_divider  center big \"><span style=\"background-color:#ffffff;\" class=\"nicdark_radius\"><\/span><\/div>[vc_empty_space height=&#8220;30px&#8220;][vc_column_text]<\/p>\n<h1 id=\"cap\" style=\"text-align: center;\"><span style=\"color: #ffffff;\">JAMES &#8222;JIMMY&#8220; GAROPOLLO <span style=\"font-size: 14pt;\">(US-amerikanischer Football-Spieler, Quarterback)<\/span><\/span><\/h1>\n<p>[\/vc_column_text][\/vc_column][\/vc_row][vc_row][vc_column][vc_column_text]<\/p>\n<p>[\/vc_column_text][\/vc_column][\/vc_row]<\/p>\n<\/div>","protected":false},"excerpt":{"rendered":"<p>[vc_row css=&#8220;.vc_custom_1422897311950{margin-top: 60px !important;}&#8220; idsection=&#8220;intro-row-single-teacher&#8220;][vc_column width=&#8220;1\/4&#8243; el_class=&#8220;nicdark_center&#8220; css=&#8220;.vc_custom_1462626907798{margin-bottom: 20px !important;}&#8220;][vc_empty_space height=&#8220;20px&#8220;][vc_column_text]aktuelle Stellenausschreibungen:[\/vc_column_text][vc_empty_space height=&#8220;20px&#8220;][vc_column_text css=&#8220;&#8220;] wir suchen aktuelle eine Fachkraft (m\u00f6glichst mit systemischer Zusatzausbildung) f\u00fcr unsere Arbeit in der Familienhilfe Nordkreis Osnabr\u00fcck [\/vc_column_text][vc_empty_space height=&#8220;12px&#8220;][\/vc_column][vc_column width=&#8220;1\/2&#8243; css=&#8220;.vc_custom_1422897532916{margin-bottom: 20px !important;}&#8220;][vc_empty_space height=&#8220;6px&#8220;][vc_column_text]Seit 2007 arbeitet STELLWERK ZUKUNFT als Tr\u00e4ger der freien Jugendhilfe &#8211; oder besser: arbeiten Menschen unter dem Etikett &#8230;<\/p>\n","protected":false},"author":2,"featured_media":0,"parent":0,"menu_order":0,"comment_status":"open","ping_status":"closed","template":"","meta":{"footnotes":""},"class_list":["post-4606","page","type-page","status-publish","hentry"],"_links":{"self":[{"href":"https:\/\/www.stellwerk-zukunft.de\/index.php?rest_route=\/wp\/v2\/pages\/4606","targetHints":{"allow":["GET"]}}],"collection":[{"href":"https:\/\/www.stellwerk-zukunft.de\/index.php?rest_route=\/wp\/v2\/pages"}],"about":[{"href":"https:\/\/www.stellwerk-zukunft.de\/index.php?rest_route=\/wp\/v2\/types\/page"}],"author":[{"embeddable":true,"href":"https:\/\/www.stellwerk-zukunft.de\/index.php?rest_route=\/wp\/v2\/users\/2"}],"replies":[{"embeddable":true,"href":"https:\/\/www.stellwerk-zukunft.de\/index.php?rest_route=%2Fwp%2Fv2%2Fcomments&post=4606"}],"version-history":[{"count":72,"href":"https:\/\/www.stellwerk-zukunft.de\/index.php?rest_route=\/wp\/v2\/pages\/4606\/revisions"}],"predecessor-version":[{"id":6839,"href":"https:\/\/www.stellwerk-zukunft.de\/index.php?rest_route=\/wp\/v2\/pages\/4606\/revisions\/6839"}],"wp:attachment":[{"href":"https:\/\/www.stellwerk-zukunft.de\/index.php?rest_route=%2Fwp%2Fv2%2Fmedia&parent=4606"}],"curies":[{"name":"wp","href":"https:\/\/api.w.org\/{rel}","templated":true}]}}